{"id":1540802,"date":"2020-12-16T10:59:52","date_gmt":"2020-12-16T10:59:52","guid":{"rendered":"https:\/\/www.myzen.tv\/?page_id=1540802"},"modified":"2023-05-23T15:48:51","modified_gmt":"2023-05-23T15:48:51","slug":"faq","status":"publish","type":"page","link":"https:\/\/www.myzen.tv\/fr\/faq\/","title":{"rendered":"FAQ"},"content":{"rendered":"<h1>FAQ<\/h1>\n<details>\n<summary>O\u00f9 MyZen TV est-elle disponible ?<\/summary>\n<p>      MyZen TV est accessible partout dans le monde sur tout support connect\u00e9 \u00e0 Internet.<br \/>\n<\/details>\n<details>\n<summary>\n      Puis-je essayer le service avant de m\u2019abonner ?<br \/>\n<\/summary>\n<p>      Une p\u00e9riode d\u2019essai gratuite de 7 jours vous est offerte. Au-del\u00e0 de ces 7 jours,<br \/>\nvotre abonnement \u00e0 MyZen TV passera automatiquement \u00e0 6,99\u20ac par mois ou \u00e0 69\u20ac par an,<br \/>\nen fonction de votre choix.<br \/>\n<\/details>\n<details>\n<summary>\n      J\u2019ai oubli\u00e9 mon mot de passe, comment faire pour me connecter \u00e0 mon compte<br \/>\n?<br \/>\n<\/summary>\n<p>      Si vous avez oubli\u00e9 votre mot de passe, cliquez sur le lien suivant pour<br \/>\nle recevoir \u00e0 l\u2019adresse mail indiqu\u00e9e lors de votre inscription.<br \/>\n<strong><a href=\"https:\/\/watch.myzen.tv\/login\/resetpassword\">R\u00e9initialiser votre mot de passe<\/a><\/strong><br \/>\n<\/details>\n<details>\n<summary>\n      Peut-on t\u00e9l\u00e9charger les programmes du catalogue ?<br \/>\n<\/summary>\n<p>      Tous nos programmes sont propos\u00e9s uniquement en streaming et en illimit\u00e9<br \/>\nsur le site MyZen TV par le biais d\u2019un abonnement mensuel ou annuel<br \/>\n<\/details>\n<details>\n<summary>\n      Comment regarder MyZen TV sur ma t\u00e9l\u00e9vision ?<br \/>\n<\/summary>\n<p>      <strong><br \/>\nIl est possible de profiter de MyZen TV sur votre TV en utilisant l\u2019une des m\u00e9thodes suivantes :<br \/>\n<\/strong><\/p>\n<p><img decoding=\"async\" src=\"https:\/\/www.myzen.tv\/wp-content\/uploads\/2020\/12\/operateurs.png\"><br \/>\nVia un op\u00e9rateur, vous pouvez vous abonner \u00e0 la chaine directement via votre box Orange, Free, SFR, et Bouygues<br \/>\n<img decoding=\"async\" src=\"https:\/\/www.myzen.tv\/wp-content\/uploads\/2020\/12\/androidtv.png\"><br \/>\nVia notre <strong>Application Android TV<\/strong> : disponible sur le<br \/>\nstore<br \/>\n<strong><a href=\"https:\/\/play.google.com\/store\/apps\/details?id=com.ngine.myzen\">Google Play<\/a><\/strong><br \/>\npour les t\u00e9l\u00e9visions et Box qui fonctionnent sous Android TV<br \/>\n(T\u00e9l\u00e9visions et SMART TV connect\u00e9es, BOX Android TV, Freebox mini 4K,<br \/>\nBBOX Miami et Ultym, SFR TV connect).<br \/>\n<img decoding=\"async\" src=\"https:\/\/www.myzen.tv\/wp-content\/uploads\/2020\/12\/firetv.png\"><br \/>\nVia notre Application <strong>Amazon Fire TV<\/strong> : allumez votre<br \/>\nFire stick TV reli\u00e9e \u00e0 votre t\u00e9l\u00e9vision et recherchez MyZen TV dans<br \/>\nla barre de recherche.<br \/>\n<img decoding=\"async\" src=\"https:\/\/www.myzen.tv\/wp-content\/uploads\/2020\/12\/television-1.png\"><br \/>\nEn reliant votre ordinateur \u00e0 votre t\u00e9l\u00e9viseur avec un<br \/>\n<strong>c\u00e2ble HDMI<\/strong> ou autre c\u00e2ble compatible. Il vous suffit<br \/>\nde relier l\u2019appareil que vous utilisez pour lire les vid\u00e9os<br \/>\ndirectement \u00e0 votre TV \u00e0 l\u2019aide d\u2019un c\u00e2ble HDMI ou d\u2019un adaptateur.<br \/>\n<img decoding=\"async\" src=\"https:\/\/www.myzen.tv\/wp-content\/uploads\/2020\/12\/airplay-1.png\"><br \/>\nVia <strong>Airplay<\/strong> (sur Mac) : La technologie AirPlay permet<br \/>\nde lire une vid\u00e9o depuis un device Apple ou compatible (iPhone, Ipad,<br \/>\nMAC) directement sur l\u2019\u00e9cran de votre t\u00e9l\u00e9viseur via un r\u00e9cepteur<br \/>\nAirPlay. De nombreux appareils sont compatibles avec cette<br \/>\ntechnologie, par exemple la FreeBox R\u00e9volution, L\u2019AppleTV ou encore la<br \/>\ncl\u00e9 HDMI AirLink. Choisissez tout d\u2019abord votre vid\u00e9o sur votre MAC,<br \/>\niPhone, iPad ou iPod. Lancez la vid\u00e9o, Cliquez ensuite sur le logo<br \/>\nAirPlay (en bas \u00e0 droite, \u00e0 c\u00f4t\u00e9 des param\u00e8tres de lecture de la<br \/>\nvid\u00e9o). Sur un iPhone, iPad ou iPod, le logo apparait apr\u00e8s \u00eatre pass\u00e9<br \/>\nen plein \u00e9cran, par rotation de l\u2019appareil en paysage. S\u00e9lectionnez le<br \/>\nr\u00e9cepteur AirPlay d\u00e9sir\u00e9 : AppleTV, FreeBox Player, etc. La vid\u00e9o est<br \/>\nalors jou\u00e9e sur la TV correspondante. Un message apparait \u00e0 l\u2019\u00e9cran<br \/>\nvous en informant.<br \/>\n<img decoding=\"async\" src=\"https:\/\/www.myzen.tv\/wp-content\/uploads\/2020\/12\/chromecast-1.png\"><br \/>\nVia <strong>Chromecast<\/strong> (depuis un ordinateur ou un appareil<br \/>\nmobile Andro\u00efd en passant par le navigateur Chrome) : le navigateur<br \/>\nChrome permet, depuis un ordinateur ou un appareil mobile Andro\u00efd, de<br \/>\ncaster une vid\u00e9o afin de la lire directement sur votre t\u00e9l\u00e9viseur par<br \/>\nl\u2019interm\u00e9diaire du ChromeCast. Pour lire une vid\u00e9o sur votre<br \/>\nt\u00e9l\u00e9viseur avec cette technologie, vous devez disposer d\u2019un<br \/>\nChromecast, d\u2019un Chromecast Ultra ou d\u2019un t\u00e9l\u00e9viseur avec Chromecast<br \/>\nInt\u00e9gr\u00e9. Pour caster directement une vid\u00e9o, il faut d\u2019abord lancer le<br \/>\nvisionnage sur l\u2019appareil source, il suffit ensuite de cliquer sur<br \/>\nl\u2019ic\u00f4ne Cast qui s\u2019affiche en bas \u00e0 droite de votre \u00e9cran pendant la<br \/>\nlecture de la vid\u00e9o.<br \/>\n<\/details>\n<details>\n<summary>\n      Comment regarder MyZen TV sur ordinateur ?<br \/>\n<\/summary>\n<p>      Connectez-vous directement sur notre site<br \/>\n<strong><a href=\"https:\/\/watch.myzen.tv\">watch.myzen.tv<\/a><\/strong><br \/>\n<\/details>\n<details>\n<summary>\n      Comment regarder MyZen TV sur smartphone et tablette ?<br \/>\n<\/summary>\n<p>        <img decoding=\"async\" src=\"https:\/\/www.myzen.tv\/wp-content\/uploads\/2020\/12\/android-1.png\"><\/p>\n<h3>Sur Android :<\/h3>\n<p>Recherchez MyZen TV dans le Play store et t\u00e9l\u00e9chargez l\u2019application<br \/>\nsur votre mobile. Vous devez d\u2019abord avoir cr\u00e9\u00e9 un compte sur notre<br \/>\nsite internet watch.myzen.tv pour pouvoir utiliser l\u2019application.<br \/>\n<strong><a href=\"https:\/\/watch.myzen.tv\/\">watch.myzen.tv<\/a><\/strong><br \/>\npour pouvoir utiliser l\u2019application.<br \/>\n<img decoding=\"async\" src=\"https:\/\/www.myzen.tv\/wp-content\/uploads\/2020\/12\/apple-1.png\"><\/p>\n<h3>Sur IOS :<\/h3>\n<p>Recherchez MyZen TV dans l\u2019app store et t\u00e9l\u00e9chargez l\u2019application sur<br \/>\nvotre mobile. Vous devez d\u2019abord avoir cr\u00e9\u00e9 un compte sur notre site<br \/>\ninternet<br \/>\n<strong><a href=\"https:\/watch.myzen.tv\/\">watch.myzen.tv<\/a><\/strong><br \/>\npour pouvoir utiliser l\u2019application.<br \/>\n<\/details>\n<details>\n<summary>\n      Comment changer la langue de la vid\u00e9o et la qualit\u00e9 vid\u00e9o ?<br \/>\n<\/summary>\n<p>      MyZen TV est disponible en 3 langues, Fran\u00e7ais, anglais, russe. D\u2019abord<br \/>\nlancez la vid\u00e9o, vous pouvez changer la langue et la qualit\u00e9 vid\u00e9o en bas<br \/>\n\u00e0 droite en cliquant sur la petite \u00ab roue \u00bb sur le site. Sur les<br \/>\napplications cette fonctionnalit\u00e9s se trouve en haut \u00e0 droite.<br \/>\n<\/details>\n<details>\n<summary>\n      Puis-je offrir un abonnement MyZen TV \u00e0 un proche ?<br \/>\n<\/summary>\n<p>      Oui, pour offrir \u00ab une carte cadeau \u00bb il faut d\u2019abord vous enregistrer<br \/>\ngratuitement, puis cliquez sur<br \/>\n<strong><a href=\"https:\/\/watch.myzen.tv\/subscribe\/gift\/\">OFFRIR<\/a><\/strong>. Choisissez un abonnement mensuel ou annuel, remplissez ses coordonn\u00e9es<br \/>\net votre moyen de paiement. Il recevra un mail \u00e0 la date que vous aurez<br \/>\nchoisi pour se connecter \u00e0 son compte utilisateur.<br \/>\n<\/details>\n<details>\n<summary>\n      Comment acc\u00e9der au Live de MyZen TV sur le site ou sur les applications ?<br \/>\n<\/summary>\n<p>      Gr\u00e2ce \u00e0 votre abonnement vous avez acc\u00e8s \u00e0 la chaine TV en direct 24h sur<br \/>\n24, 7 jours sur 7. Vous pouvez y acc\u00e9der en cliquant sur le visuel Live ou<br \/>\ndans la barre de menu \u00ab Direct \u00bb, cliquez ensuite sur \u00ab regarder \u00bb pour<br \/>\nlancer le direct. Vous pouvez changer la langue et la qualit\u00e9 vid\u00e9o en bas<br \/>\n\u00e0 droite en cliquant sur la petite \u00ab roue \u00bb sur le site. Sur les<br \/>\napplications cette fonctionnalit\u00e9 se trouve en haut \u00e0 droite.<br \/>\n<\/details>\n<details>\n<summary>\n      Comment faire pour me d\u00e9sabonner de MyZen TV?<br \/>\n<\/summary>\n<ul>\n<li>Connectez-vous \u00e0 votre compte sur notre site <strong><a href=\"https:\/\/watch.myzen.tv\/\">watch.myzen.tv<\/a><\/strong><\/li>\n<li>\n          Cliquez sur vos initiales ou avatar en haut de l\u2019\u00e9cran, puis cliquez<br \/>\nsur [votre nom et adresse e-mail].<\/li>\n<li>\n          Cliquez sur Mes offres.<\/li>\n<li>\n          S\u00e9lectionnez l\u2019abonnement que vous souhaitez annuler, cliquez sur Se<br \/>\nd\u00e9sabonner. Si vous avez des probl\u00e8mes pour vous d\u00e9sabonner, n\u2019h\u00e9sitez<br \/>\npas \u00e0 nous le faire savoir en \u00e9crivant \u00e0 web@myzen.tv et nous<br \/>\nannulerons votre abonnement manuellement.<\/li>\n<\/ul>\n<\/details>\n<details>\n<summary>Le paiement en ligne est-il s\u00e9curis\u00e9 ?<\/summary>\n<p>      Oui, toutes les donn\u00e9es \u00e9chang\u00e9es sur le site sont crypt\u00e9es et s\u00e9curis\u00e9es<br \/>\nvia un certificat SSL (cadenas dans la barre d\u2019adresse \u00ab https \u00bb). Nous<br \/>\nutilisons Stripe dont la solution a \u00e9t\u00e9 certifi\u00e9e PSI-DSS Service Provider<br \/>\nLevel 1, standard de s\u00e9curit\u00e9 international le plus \u00e9lev\u00e9, et s\u00e9curise<br \/>\ndonc la protection des donn\u00e9es relatives \u00e0 la carte et \u00e0 la transaction.<br \/>\n<\/details>\n<details>\n<summary>Le pr\u00e9l\u00e8vement est-il automatique ?<\/summary>\n<p>      Oui, le pr\u00e9l\u00e8vement se fait automatiquement. Si vous souhaitez arr\u00eater<br \/>\nvotre abonnement, il suffit de vous rendre dans votre espace membre et de<br \/>\nvous d\u00e9sabonner. Vous continuerez \u00e0 acc\u00e9der aux programmes jusqu\u2019\u00e0 la fin<br \/>\nde la date anniversaire de votre abonnement !<br \/>\n<\/details>\n<details>\n<summary>\n      Qui contacter en cas de question ou de probl\u00e8me technique ?<br \/>\n<\/summary>\n<p>      Pour toute question concernant le fonctionnement du site ou des<br \/>\napplications, vous pouvez contacter directement le service client\u00e8le<br \/>\nMyZen TV \u00e0 l\u2019adresse suivante : web@myzen.tv<br \/>\n<\/details>\n<style>\n  h1 {<br \/>\n    text-align: center;<br \/>\n  }<br \/>\n  details {<br \/>\n    font-family: Arial;<br \/>\n    font-size: 15px;<br \/>\n    box-shadow: 0px 1.5px 0px 0px #e0e0e0;<br \/>\n    padding-left: 20px;<br \/>\n  }<br \/>\n  summary:focus {<br \/>\n    outline: 0;<br \/>\n  }<br \/>\n  summary {<br \/>\n    justify-content: space-between;<br \/>\n    list-style: none;<br \/>\n    font-size: 18px;<br \/>\n    font-weight: 700;<br \/>\n    padding: 20px 0px;<br \/>\n    display: flex;<br \/>\n    align-items: center;<br \/>\n    user-select: none;<br \/>\n  }<br \/>\n  summary::-webkit-details-marker {<br \/>\n    display: none;<br \/>\n  }<br \/>\n  summary::after {<br \/>\n    content: \"\u276f\";<br \/>\n    color: #4C48B5;<br \/>\n    font-size: 25px;<br \/>\n    padding-right: 20px;<br \/>\n  }<br \/>\n  details[open] summary:after {<br \/>\n    content: \"\u276f\";<br \/>\n    display: inline-block;<br \/>\n    color: #4C48B5;<br \/>\n    font-size: 25px;<br \/>\n    transform: rotate(90deg);<br \/>\n    padding-left: 20px;<br \/>\n  }<br \/>\n  details[open] .content-faq {<br \/>\n    padding-bottom: 20px;<br \/>\n    padding-right: 40px;<br \/>\n    line-height: 20px;<br \/>\n  }<br \/>\n  details:not([open]) {<br \/>\n  }<br \/>\n  details[open] {<br \/>\n  }<br \/>\n  details:hover {<br \/>\n  }<br \/>\n  .group-faq {<br \/>\n    display: flex;<br \/>\n    flex-direction: row;<br \/>\n    margin: 0px 0px 30px 0;<br \/>\n    align-items: center;<br \/>\n  }<br \/>\n  .logo-faq {<br \/>\n    width: 100px;<br \/>\n    height: 80px;<br \/>\n    margin-right: 50px;<br \/>\n    object-fit: contain;<br \/>\n  }<br \/>\n  .logo-faq-4 {<br \/>\n    width: 25px;<br \/>\n    height: 40px;<br \/>\n    object-fit: contain;<br \/>\n  }<br \/>\n  @media screen and (max-width: 640px) {<br \/>\n    .group-faq {<br \/>\n      display: flex;<br \/>\n      flex-direction: column;<br \/>\n      margin: 0px 0px 30px 0;<br \/>\n      align-items: center;<br \/>\n    }<br \/>\n    .logo-faq {<br \/>\n      width: 100px;<br \/>\n      height: 80px;<br \/>\n      margin-right: 0;<br \/>\n      opacity: 1;<br \/>\n      object-fit: contain;<br \/>\n    }<br \/>\n    details {<br \/>\n      padding-left: 0px;<br \/>\n    }<br \/>\n    details[open] .content-faq {<br \/>\n      padding-bottom: 20px;<br \/>\n      padding-right: 0px;<br \/>\n      line-height: 20px;<br \/>\n      text-align: justify;<br \/>\n    }<br \/>\n    summary::after {<br \/>\n      padding-right: 0px;<br \/>\n    }<br \/>\n  }<br \/>\n  .vertical-margin {<br \/>\n    min-height: 40px;<br \/>\n    height: 40px;<br \/>\n    margin-bottom: 20px;<br \/>\n    margin-top: 20px;<br \/>\n  }<br \/>\n  strong {<br \/>\n    font-size: 17px;<br \/>\n  }<br \/>\n  strong a, strong a:visited, strong a:active {<br \/>\n    color: #4C48B5;<br \/>\n  }<br \/>\n<\/style>\n","protected":false},"excerpt":{"rendered":"<p>FAQ O\u00f9 MyZen TV est-elle disponible ? MyZen TV est accessible partout dans le monde sur tout support connect\u00e9 \u00e0 Internet. Puis-je essayer le service avant de m\u2019abonner ? Une p\u00e9riode d\u2019essai gratuite de 7 jours vous est offerte. Au-del\u00e0 de ces 7 jours, votre abonnement \u00e0 MyZen TV passera automatiquement \u00e0 6,99\u20ac par mois [&hellip;]<\/p>\n","protected":false},"author":2,"featured_media":0,"parent":0,"menu_order":0,"comment_status":"closed","ping_status":"closed","template":"","meta":{"episode_type":"","audio_file":"","cover_image":"","cover_image_id":"","duration":"","filesize":"","date_recorded":"","explicit":"","block":"","itunes_episode_number":"","itunes_title":"","itunes_season_number":"","itunes_episode_type":"","filesize_raw":"","footnotes":""},"class_list":["post-1540802","page","type-page","status-publish","hentry"],"yoast_head":"<!-- This site is optimized with the Yoast SEO plugin v24.0 - https:\/\/yoast.com\/wordpress\/plugins\/seo\/ -->\n<title>FAQ - MyZen TV<\/title>\n<meta name=\"description\" content=\"Une question ? Un besoin ? Une assistance technique ? Un incident ? Une suggestion ? Consultez notre foire aux questions.\" \/>\n<meta name=\"robots\" content=\"index, follow, max-snippet:-1, max-image-preview:large, max-video-preview:-1\" \/>\n<link rel=\"canonical\" href=\"https:\/\/www.myzen.tv\/fr\/faq\/\" \/>\n<meta property=\"og:locale\" content=\"fr_FR\" \/>\n<meta property=\"og:type\" content=\"article\" \/>\n<meta property=\"og:title\" content=\"FAQ - MyZen TV\" \/>\n<meta property=\"og:description\" content=\"Une question ? Un besoin ? Une assistance technique ? Un incident ? Une suggestion ? Consultez notre foire aux questions.\" \/>\n<meta property=\"og:url\" content=\"https:\/\/www.myzen.tv\/fr\/faq\/\" \/>\n<meta property=\"og:site_name\" content=\"MyZen TV\" \/>\n<meta property=\"article:publisher\" content=\"https:\/\/www.facebook.com\/myzen.tv.fr\/\" \/>\n<meta property=\"article:modified_time\" content=\"2023-05-23T15:48:51+00:00\" \/>\n<meta property=\"og:image\" content=\"https:\/\/www.myzen.tv\/wp-content\/uploads\/2020\/12\/operateurs.png\" \/>\n<meta name=\"twitter:card\" content=\"summary_large_image\" \/>\n<meta name=\"twitter:label1\" content=\"Dur\u00e9e de lecture estim\u00e9e\" \/>\n\t<meta name=\"twitter:data1\" content=\"8 minutes\" \/>\n<!-- \/ Yoast SEO plugin. -->","yoast_head_json":{"title":"FAQ - MyZen TV","description":"Une question ? Un besoin ? Une assistance technique ? Un incident ? Une suggestion ? Consultez notre foire aux questions.","robots":{"index":"index","follow":"follow","max-snippet":"max-snippet:-1","max-image-preview":"max-image-preview:large","max-video-preview":"max-video-preview:-1"},"canonical":"https:\/\/www.myzen.tv\/fr\/faq\/","og_locale":"fr_FR","og_type":"article","og_title":"FAQ - MyZen TV","og_description":"Une question ? Un besoin ? Une assistance technique ? Un incident ? Une suggestion ? Consultez notre foire aux questions.","og_url":"https:\/\/www.myzen.tv\/fr\/faq\/","og_site_name":"MyZen TV","article_publisher":"https:\/\/www.facebook.com\/myzen.tv.fr\/","article_modified_time":"2023-05-23T15:48:51+00:00","og_image":[{"url":"https:\/\/www.myzen.tv\/wp-content\/uploads\/2020\/12\/operateurs.png","type":"","width":"","height":""}],"twitter_card":"summary_large_image","twitter_misc":{"Dur\u00e9e de lecture estim\u00e9e":"8 minutes"},"schema":{"@context":"https:\/\/schema.org","@graph":[{"@type":"WebPage","@id":"https:\/\/www.myzen.tv\/fr\/faq\/","url":"https:\/\/www.myzen.tv\/fr\/faq\/","name":"FAQ - MyZen TV","isPartOf":{"@id":"https:\/\/www.myzen.tv\/fr\/#website"},"primaryImageOfPage":{"@id":"https:\/\/www.myzen.tv\/fr\/faq\/#primaryimage"},"image":{"@id":"https:\/\/www.myzen.tv\/fr\/faq\/#primaryimage"},"thumbnailUrl":"https:\/\/www.myzen.tv\/wp-content\/uploads\/2020\/12\/operateurs.png","datePublished":"2020-12-16T10:59:52+00:00","dateModified":"2023-05-23T15:48:51+00:00","description":"Une question ? Un besoin ? Une assistance technique ? Un incident ? Une suggestion ? Consultez notre foire aux questions.","breadcrumb":{"@id":"https:\/\/www.myzen.tv\/fr\/faq\/#breadcrumb"},"inLanguage":"fr-FR","potentialAction":[{"@type":"ReadAction","target":["https:\/\/www.myzen.tv\/fr\/faq\/"]}]},{"@type":"ImageObject","inLanguage":"fr-FR","@id":"https:\/\/www.myzen.tv\/fr\/faq\/#primaryimage","url":"https:\/\/www.myzen.tv\/wp-content\/uploads\/2020\/12\/operateurs.png","contentUrl":"https:\/\/www.myzen.tv\/wp-content\/uploads\/2020\/12\/operateurs.png"},{"@type":"BreadcrumbList","@id":"https:\/\/www.myzen.tv\/fr\/faq\/#breadcrumb","itemListElement":[{"@type":"ListItem","position":1,"name":"Home","item":"https:\/\/www.myzen.tv\/fr\/"},{"@type":"ListItem","position":2,"name":"FAQ"}]},{"@type":"WebSite","@id":"https:\/\/www.myzen.tv\/fr\/#website","url":"https:\/\/www.myzen.tv\/fr\/","name":"MyZen TV","description":"Your lifestyle and well-being channel","publisher":{"@id":"https:\/\/www.myzen.tv\/fr\/#organization"},"potentialAction":[{"@type":"SearchAction","target":{"@type":"EntryPoint","urlTemplate":"https:\/\/www.myzen.tv\/fr\/?s={search_term_string}"},"query-input":{"@type":"PropertyValueSpecification","valueRequired":true,"valueName":"search_term_string"}}],"inLanguage":"fr-FR"},{"@type":"Organization","@id":"https:\/\/www.myzen.tv\/fr\/#organization","name":"MyZen TV","url":"https:\/\/www.myzen.tv\/fr\/","logo":{"@type":"ImageObject","inLanguage":"fr-FR","@id":"https:\/\/www.myzen.tv\/fr\/#\/schema\/logo\/image\/","url":"https:\/\/www.myzen.tv\/wp-content\/uploads\/2021\/05\/cropped-ICON_MZtv-LOGO_firetv640-1-1.png","contentUrl":"https:\/\/www.myzen.tv\/wp-content\/uploads\/2021\/05\/cropped-ICON_MZtv-LOGO_firetv640-1-1.png","width":512,"height":512,"caption":"MyZen TV"},"image":{"@id":"https:\/\/www.myzen.tv\/fr\/#\/schema\/logo\/image\/"},"sameAs":["https:\/\/www.facebook.com\/myzen.tv.fr\/","https:\/\/www.instagram.com\/myzentv\/"]}]}},"_links":{"self":[{"href":"https:\/\/www.myzen.tv\/fr\/wp-json\/wp\/v2\/pages\/1540802","targetHints":{"allow":["GET"]}}],"collection":[{"href":"https:\/\/www.myzen.tv\/fr\/wp-json\/wp\/v2\/pages"}],"about":[{"href":"https:\/\/www.myzen.tv\/fr\/wp-json\/wp\/v2\/types\/page"}],"author":[{"embeddable":true,"href":"https:\/\/www.myzen.tv\/fr\/wp-json\/wp\/v2\/users\/2"}],"replies":[{"embeddable":true,"href":"https:\/\/www.myzen.tv\/fr\/wp-json\/wp\/v2\/comments?post=1540802"}],"version-history":[{"count":16,"href":"https:\/\/www.myzen.tv\/fr\/wp-json\/wp\/v2\/pages\/1540802\/revisions"}],"predecessor-version":[{"id":1699793,"href":"https:\/\/www.myzen.tv\/fr\/wp-json\/wp\/v2\/pages\/1540802\/revisions\/1699793"}],"wp:attachment":[{"href":"https:\/\/www.myzen.tv\/fr\/wp-json\/wp\/v2\/media?parent=1540802"}],"curies":[{"name":"wp","href":"https:\/\/api.w.org\/{rel}","templated":true}]}}