{"id":1645386,"date":"2021-05-07T07:54:13","date_gmt":"2021-05-07T07:54:13","guid":{"rendered":"https:\/\/www.myzen.tv\/?page_id=1645386"},"modified":"2023-05-23T15:45:21","modified_gmt":"2023-05-23T15:45:21","slug":"guide-tv","status":"publish","type":"page","link":"https:\/\/www.myzen.tv\/fr\/guide-tv\/","title":{"rendered":"Guide TV"},"content":{"rendered":"","protected":false},"excerpt":{"rendered":"","protected":false},"author":2,"featured_media":0,"parent":0,"menu_order":0,"comment_status":"closed","ping_status":"closed","template":"tv-guide.php","meta":{"episode_type":"","audio_file":"","cover_image":"","cover_image_id":"","duration":"","filesize":"","date_recorded":"","explicit":"","block":"","itunes_episode_number":"","itunes_title":"","itunes_season_number":"","itunes_episode_type":"","filesize_raw":"","footnotes":""},"class_list":["post-1645386","page","type-page","status-publish","hentry"],"yoast_head":"<!-- This site is optimized with the Yoast SEO plugin v24.0 - https:\/\/yoast.com\/wordpress\/plugins\/seo\/ -->\n<title>Guide TV - MyZen TV<\/title>\n<meta name=\"description\" content=\"Regardez le programme TV de MyZen TV et retrouvez vos \u00e9missions pr\u00e9f\u00e9r\u00e9es sur le bien-\u00eatre, le yoga, la m\u00e9ditation, le sport et la cuisine.\" \/>\n<meta name=\"robots\" content=\"index, follow, max-snippet:-1, max-image-preview:large, max-video-preview:-1\" \/>\n<link rel=\"canonical\" href=\"https:\/\/www.myzen.tv\/fr\/guide-tv\/\" \/>\n<meta property=\"og:locale\" content=\"fr_FR\" \/>\n<meta property=\"og:type\" content=\"article\" \/>\n<meta property=\"og:title\" content=\"Guide TV - MyZen TV\" \/>\n<meta property=\"og:description\" content=\"Regardez le programme TV de MyZen TV et retrouvez vos \u00e9missions pr\u00e9f\u00e9r\u00e9es sur le bien-\u00eatre, le yoga, la m\u00e9ditation, le sport et la cuisine.\" \/>\n<meta property=\"og:url\" content=\"https:\/\/www.myzen.tv\/fr\/guide-tv\/\" \/>\n<meta property=\"og:site_name\" content=\"MyZen TV\" \/>\n<meta property=\"article:publisher\" content=\"https:\/\/www.facebook.com\/myzen.tv.fr\/\" \/>\n<meta property=\"article:modified_time\" content=\"2023-05-23T15:45:21+00:00\" \/>\n<meta property=\"og:image\" content=\"https:\/\/www.myzen.tv\/wp-content\/uploads\/2021\/05\/cropped-cropped-ICON_MZtv-LOGO_firetv640-1-1.png\" \/>\n\t<meta property=\"og:image:width\" content=\"248\" \/>\n\t<meta property=\"og:image:height\" content=\"248\" \/>\n\t<meta property=\"og:image:type\" content=\"image\/png\" \/>\n<meta name=\"twitter:card\" content=\"summary_large_image\" \/>\n<!-- \/ Yoast SEO plugin. -->","yoast_head_json":{"title":"Guide TV - MyZen TV","description":"Regardez le programme TV de MyZen TV et retrouvez vos \u00e9missions pr\u00e9f\u00e9r\u00e9es sur le bien-\u00eatre, le yoga, la m\u00e9ditation, le sport et la cuisine.","robots":{"index":"index","follow":"follow","max-snippet":"max-snippet:-1","max-image-preview":"max-image-preview:large","max-video-preview":"max-video-preview:-1"},"canonical":"https:\/\/www.myzen.tv\/fr\/guide-tv\/","og_locale":"fr_FR","og_type":"article","og_title":"Guide TV - MyZen TV","og_description":"Regardez le programme TV de MyZen TV et retrouvez vos \u00e9missions pr\u00e9f\u00e9r\u00e9es sur le bien-\u00eatre, le yoga, la m\u00e9ditation, le sport et la cuisine.","og_url":"https:\/\/www.myzen.tv\/fr\/guide-tv\/","og_site_name":"MyZen TV","article_publisher":"https:\/\/www.facebook.com\/myzen.tv.fr\/","article_modified_time":"2023-05-23T15:45:21+00:00","og_image":[{"width":248,"height":248,"url":"https:\/\/www.myzen.tv\/wp-content\/uploads\/2021\/05\/cropped-cropped-ICON_MZtv-LOGO_firetv640-1-1.png","type":"image\/png"}],"twitter_card":"summary_large_image","schema":{"@context":"https:\/\/schema.org","@graph":[{"@type":"WebPage","@id":"https:\/\/www.myzen.tv\/fr\/guide-tv\/","url":"https:\/\/www.myzen.tv\/fr\/guide-tv\/","name":"Guide TV - MyZen TV","isPartOf":{"@id":"https:\/\/www.myzen.tv\/fr\/#website"},"datePublished":"2021-05-07T07:54:13+00:00","dateModified":"2023-05-23T15:45:21+00:00","description":"Regardez le programme TV de MyZen TV et retrouvez vos \u00e9missions pr\u00e9f\u00e9r\u00e9es sur le bien-\u00eatre, le yoga, la m\u00e9ditation, le sport et la cuisine.","breadcrumb":{"@id":"https:\/\/www.myzen.tv\/fr\/guide-tv\/#breadcrumb"},"inLanguage":"fr-FR","potentialAction":[{"@type":"ReadAction","target":["https:\/\/www.myzen.tv\/fr\/guide-tv\/"]}]},{"@type":"BreadcrumbList","@id":"https:\/\/www.myzen.tv\/fr\/guide-tv\/#breadcrumb","itemListElement":[{"@type":"ListItem","position":1,"name":"Home","item":"https:\/\/www.myzen.tv\/fr\/"},{"@type":"ListItem","position":2,"name":"Guide TV"}]},{"@type":"WebSite","@id":"https:\/\/www.myzen.tv\/fr\/#website","url":"https:\/\/www.myzen.tv\/fr\/","name":"MyZen TV","description":"Your lifestyle and well-being channel","publisher":{"@id":"https:\/\/www.myzen.tv\/fr\/#organization"},"potentialAction":[{"@type":"SearchAction","target":{"@type":"EntryPoint","urlTemplate":"https:\/\/www.myzen.tv\/fr\/?s={search_term_string}"},"query-input":{"@type":"PropertyValueSpecification","valueRequired":true,"valueName":"search_term_string"}}],"inLanguage":"fr-FR"},{"@type":"Organization","@id":"https:\/\/www.myzen.tv\/fr\/#organization","name":"MyZen TV","url":"https:\/\/www.myzen.tv\/fr\/","logo":{"@type":"ImageObject","inLanguage":"fr-FR","@id":"https:\/\/www.myzen.tv\/fr\/#\/schema\/logo\/image\/","url":"https:\/\/www.myzen.tv\/wp-content\/uploads\/2021\/05\/cropped-ICON_MZtv-LOGO_firetv640-1-1.png","contentUrl":"https:\/\/www.myzen.tv\/wp-content\/uploads\/2021\/05\/cropped-ICON_MZtv-LOGO_firetv640-1-1.png","width":512,"height":512,"caption":"MyZen TV"},"image":{"@id":"https:\/\/www.myzen.tv\/fr\/#\/schema\/logo\/image\/"},"sameAs":["https:\/\/www.facebook.com\/myzen.tv.fr\/","https:\/\/www.instagram.com\/myzentv\/"]}]}},"_links":{"self":[{"href":"https:\/\/www.myzen.tv\/fr\/wp-json\/wp\/v2\/pages\/1645386","targetHints":{"allow":["GET"]}}],"collection":[{"href":"https:\/\/www.myzen.tv\/fr\/wp-json\/wp\/v2\/pages"}],"about":[{"href":"https:\/\/www.myzen.tv\/fr\/wp-json\/wp\/v2\/types\/page"}],"author":[{"embeddable":true,"href":"https:\/\/www.myzen.tv\/fr\/wp-json\/wp\/v2\/users\/2"}],"replies":[{"embeddable":true,"href":"https:\/\/www.myzen.tv\/fr\/wp-json\/wp\/v2\/comments?post=1645386"}],"version-history":[{"count":2,"href":"https:\/\/www.myzen.tv\/fr\/wp-json\/wp\/v2\/pages\/1645386\/revisions"}],"predecessor-version":[{"id":1645406,"href":"https:\/\/www.myzen.tv\/fr\/wp-json\/wp\/v2\/pages\/1645386\/revisions\/1645406"}],"wp:attachment":[{"href":"https:\/\/www.myzen.tv\/fr\/wp-json\/wp\/v2\/media?parent=1645386"}],"curies":[{"name":"wp","href":"https:\/\/api.w.org\/{rel}","templated":true}]}}