{"id":5747,"date":"2019-12-30T18:03:27","date_gmt":"2019-12-30T18:03:27","guid":{"rendered":"https:\/\/preprod.myzen.tv\/a-propos\/"},"modified":"2020-01-21T09:40:38","modified_gmt":"2020-01-21T09:40:38","slug":"a-propos","status":"publish","type":"page","link":"https:\/\/www.myzen.tv\/fr\/a-propos\/","title":{"rendered":"\u00c0 propos"},"content":{"rendered":"<h1>Myzen TV la cha\u00eene lifestyle HD et 4K<\/h1>\n<p>MyZen, la cha\u00eene TV lifestyle vous propose des conseils pratiques, des exp\u00e9riences inspirantes, et du divertissement pour \u00eatre plus heureuse et vivre mieux.<\/p>\n<h2>Nos s\u00e9ries<\/h2>\n<p>Sport doux, maison, sant\u00e9, cuisine, fleurs, voyage, beaut\u00e9, histoires vrais, nature holistique et belles vues sont la base de notre contenu<\/p>\n<h2>Notre recette secr\u00e8te<\/h2>\n<p>Ensoleill\u00e9e, fra\u00eeche et lumineuse pour \u00eatre toujours rayonnante et motiv\u00e9e<\/p>\n<h2>Notre mission<\/h2>\n<p>Vous aider \u00e0 vivre mieux, \u00e0 vivre heureux<\/p>\n<p>\t\t\t\t\t\t\t<a href=\"https:\/\/www.myzen.tv\/wp-content\/uploads\/2019\/12\/happy-food-1024x683-1.jpg\" data-elementor-lightbox-slideshow=\"all-6549e753\"><br \/>\n\t\t\t\t\t\t\t\t\t\t\t\t\t\t<\/a><br \/>\n\t\t\t\t\t\t\t<a href=\"https:\/\/www.myzen.tv\/wp-content\/uploads\/2019\/12\/iStock-451416693-683x1024.jpg\" data-elementor-lightbox-slideshow=\"all-6549e753\"><br \/>\n\t\t\t\t\t\t\t\t\t\t\t\t\t\t<\/a><br \/>\n\t\t\t\t\t\t\t<a href=\"https:\/\/www.myzen.tv\/wp-content\/uploads\/2019\/12\/massage-1024x683-1.jpg\" data-elementor-lightbox-slideshow=\"all-6549e753\"><br \/>\n\t\t\t\t\t\t\t\t\t\t\t\t\t\t<\/a><br \/>\n\t\t\t\t\t\t\t<a href=\"https:\/\/www.myzen.tv\/wp-content\/uploads\/2019\/12\/1576838471-2d3bee5f-8a08-5704-979e-c32181a3eef3-1024x576.jpg\" data-elementor-lightbox-slideshow=\"all-6549e753\"><br \/>\n\t\t\t\t\t\t\t\t\t\t\t\t\t\t<\/a><br \/>\n\t\t\t\t\t\t\t<a href=\"https:\/\/www.myzen.tv\/wp-content\/uploads\/2019\/12\/happy-1024x684-1.jpg\" data-elementor-lightbox-slideshow=\"all-6549e753\"><br \/>\n\t\t\t\t\t\t\t\t\t\t\t\t\t\t<\/a><br \/>\n\t\t\t\t\t\t\t<a href=\"https:\/\/www.myzen.tv\/wp-content\/uploads\/2019\/12\/firends-girly-1024x683-1.jpg\" data-elementor-lightbox-slideshow=\"all-6549e753\"><br \/>\n\t\t\t\t\t\t\t\t\t\t\t\t\t\t<\/a><br \/>\n\t\t\t\t\t\t\t<a href=\"https:\/\/www.myzen.tv\/wp-content\/uploads\/2019\/12\/healthy-food-1024x786-1.jpg\" data-elementor-lightbox-slideshow=\"all-6549e753\"><br \/>\n\t\t\t\t\t\t\t\t\t\t\t\t\t\t<\/a><br \/>\n\t\t\t\t\t\t\t<a href=\"https:\/\/www.myzen.tv\/wp-content\/uploads\/2019\/12\/zen-house-1024x683-1.jpg\" data-elementor-lightbox-slideshow=\"all-6549e753\"><br \/>\n\t\t\t\t\t\t\t\t\t\t\t\t\t\t<\/a><\/p>\n<h4>Les 3 cl\u00e9s pour \u00eatre heureuse, grandir, d\u00e9couvrir et s&rsquo;\u00e9vader!<\/h4>\n<p>01<\/p>\n<h4>PRATIQUE<\/h4>\n<p>Des exercices et conseils lifestyle pour vivre mieux<\/p>\n<p>02<\/p>\n<h4>INSPIRATIONS<\/h4>\n<p>Des s\u00e9ries qui transmettent un sentiment d&rsquo;\u00e9merveillement, une vie heureuse et plus Zen<\/p>\n<p>03<\/p>\n<h4>FUN<\/h4>\n<p>De vrais exp\u00e9riences de personnes qui am\u00e9liorent ou transforment radicalement  leurs vies<\/p>\n<h4>My ZEN TV Story<\/h4>\n<p>\t\tVivre mieux depuis 2008<br \/>\n\t\t\t\t\t\t\t\t\t\t\t\t\t\t\tMarch 23, 2020<\/p>\n<h3>2008<\/h3>\n<p>Launch of MyZen TV \u2013 full HD well-being channel<\/p>\n<p>\t\t\t\t\t\t\t\t\t\t\t\t\t\t\tMarch 23, 2020<\/p>\n<h3>2009<\/h3>\n<p>Distribution in France and Russia<\/p>\n<p>\t\t\t\t\t\t\t\t\t\t\t\t\t\t\tMarch 23, 2020<\/p>\n<h3>2010<\/h3>\n<p>3D production and launch of 3D linear channel in France<\/p>\n<p>\t\t\t\t\t\t\t\t\t\t\t\t\t\t\tMarch 23, 2020<\/p>\n<h3>2011<\/h3>\n<p>Distribution in the Middle East<\/p>\n<p>\t\t\t\t\t\t\t\t\t\t\t\t\t\t\tMarch 23, 2020<\/p>\n<h3>2012<\/h3>\n<p>New programming: light sports and coaching<\/p>\n<p>\t\t\t\t\t\t\t\t\t\t\t\t\t\t\tMarch 23, 2020<\/p>\n<h3>2013<\/h3>\n<p>Distribution across 30 countries<\/p>\n<p>\t\t\t\t\t\t\t\t\t\t\t\t\t\t\tMarch 23, 2020<\/p>\n<h3>2014<\/h3>\n<p>New graphic design of the channel<\/p>\n<p>\t\t\t\t\t\t\t\t\t\t\t\t\t\t\tMarch 23, 2020<\/p>\n<h3>2015<\/h3>\n<p>Distribution across 40 countries<\/p>\n<p>\t\t\t\t\t\t\t\t\t\t\t\t\t\t\tMarch 23, 2020<\/p>\n<h3>2016<\/h3>\n<p>4K productions<br \/>\nMyZen TV becomes a lifestyle channel<br \/>\nLaunch in North America<\/p>\n<p>\t\t\t\t\t\t\t\t\t\t\t\t\t\t\tMarch 23, 2020<\/p>\n<h3>2017<\/h3>\n<p>Launch in Asia and in the Caribbean<br \/>\nMyZen TV is distributed across all continents<\/p>\n<p>\t\t\t\t\t\t\t\t\t\t\t\t\t\t\tMarch 23, 2020<\/p>\n<h3>2018<\/h3>\n<p>MyZen TV has 2 feeds: French and International<br \/>\nMyZen TV celebrates its 10th anniversary<\/p>\n<p>\t\t\t\t\t\t\t\t\t\t\t\t\t\t\tMarch 23, 2020<\/p>\n<h3>2019<\/h3>\n<p>New programming<\/p>\n<p>\t\t\t\t<svg xmlns=\"http:\/\/www.w3.org\/2000\/svg\" xmlns:xlink=\"http:\/\/www.w3.org\/1999\/xlink\" id=\"Layer_1\" x=\"0px\" y=\"0px\" viewBox=\"0 0 512 512\" style=\"enable-background:new 0 0 512 512;\" xml:space=\"preserve\">\n<g>\n\t<g>\n\t\t<path d=\"M374.518,37.926c-49.407,0-94.065,26.029-118.518,67.708c-24.449-41.679-69.107-67.708-118.518-67.708    C46.254,37.926,0,84.182,0,175.407c0,103.042,240,288.844,250.217,296.699c1.704,1.31,3.741,1.967,5.783,1.967    c1.963,0,3.926-0.606,5.592-1.823C271.819,464.778,512,287.964,512,175.407C512,54.259,442.5,37.926,374.518,37.926z     M256.134,452.658c-16.556-13.083-66.926-53.699-116.787-102.125C60.593,274.046,18.963,213.491,18.963,175.407    c0-80.855,37.662-118.519,118.519-118.519c48.361,0,91.44,28.917,109.741,73.673c1.458,3.564,4.926,5.893,8.778,5.893    s7.319-2.329,8.778-5.893c18.305-44.756,61.384-73.673,109.741-73.673c71.139,0,118.519,20.153,118.519,118.519    C493.037,269.427,292.852,424.932,256.134,452.658z\"><\/path>\n\t<\/g>\n<\/g>\n<g>\n<\/g>\n<g>\n<\/g>\n<g>\n<\/g>\n<g>\n<\/g>\n<g>\n<\/g>\n<g>\n<\/g>\n<g>\n<\/g>\n<g>\n<\/g>\n<g>\n<\/g>\n<g>\n<\/g>\n<g>\n<\/g>\n<g>\n<\/g>\n<g>\n<\/g>\n<g>\n<\/g>\n<g>\n<\/g>\n<\/svg>\t\t\t\t<\/p>\n<h3>\n\t\t\t\t\tPlus de 40 s\u00e9ries originales et exclusives<br \/>\n\t\t\t\t<\/h3>\n<p>\t\t\t\t<svg xmlns=\"http:\/\/www.w3.org\/2000\/svg\" xmlns:xlink=\"http:\/\/www.w3.org\/1999\/xlink\" id=\"Layer_1\" x=\"0px\" y=\"0px\" viewBox=\"0 0 512 512\" style=\"enable-background:new 0 0 512 512;\" xml:space=\"preserve\">\n<g>\n\t<g>\n\t\t<path d=\"M511.473,197.369c-1.264-3.888-4.628-6.726-8.678-7.312l-163.873-23.81L265.635,17.752    c-3.631-7.335-15.656-7.335-19.276,0l-73.283,148.496L9.204,190.057c-4.051,0.586-7.413,3.425-8.678,7.312    s-0.21,8.158,2.718,11.018l118.58,115.59L93.835,487.19c-0.687,4.029,0.971,8.106,4.276,10.507    c1.873,1.36,4.092,2.051,6.317,2.051c1.71,0,3.426-0.409,5-1.232l146.57-77.061l146.575,77.061    c3.63,1.898,8.006,1.583,11.317-0.82c3.305-2.402,4.963-6.478,4.276-10.507l-27.99-163.213l118.581-115.59    C511.683,205.528,512.738,201.257,511.473,197.369z M371.125,312.529c-2.529,2.471-3.683,6.028-3.09,9.513l25.267,147.319    l-132.305-69.556c-1.563-0.825-3.284-1.234-5-1.234c-1.716,0-3.436,0.409-5,1.234l-132.3,69.556l25.267-147.319    c0.593-3.485-0.561-7.042-3.09-9.513L33.836,208.193l147.919-21.489c3.505-0.509,6.527-2.707,8.095-5.881l66.147-134.036    l66.152,134.036c1.569,3.174,4.591,5.372,8.095,5.881l147.919,21.489L371.125,312.529z\"><\/path>\n\t<\/g>\n<\/g>\n<g>\n<\/g>\n<g>\n<\/g>\n<g>\n<\/g>\n<g>\n<\/g>\n<g>\n<\/g>\n<g>\n<\/g>\n<g>\n<\/g>\n<g>\n<\/g>\n<g>\n<\/g>\n<g>\n<\/g>\n<g>\n<\/g>\n<g>\n<\/g>\n<g>\n<\/g>\n<g>\n<\/g>\n<g>\n<\/g>\n<\/svg>\t\t\t\t<\/p>\n<h3>\n\t\t\t\t\t300H de programmes en Full HD, +100H en Ultra HD<br \/>\n\t\t\t\t<\/h3>\n<p>\t\t\t\t<svg xmlns=\"http:\/\/www.w3.org\/2000\/svg\" xmlns:xlink=\"http:\/\/www.w3.org\/1999\/xlink\" id=\"Layer_1\" x=\"0px\" y=\"0px\" viewBox=\"0 0 512 512\" style=\"enable-background:new 0 0 512 512;\" xml:space=\"preserve\">\n<g>\n\t<g>\n\t\t<path d=\"M370.971,135.314l90.682-99.746c2.566-2.829,3.226-6.583,1.679-10.082c-1.547-3.495-5.008-5.422-8.828-5.422H67.159V9.659    C67.159,4.325,62.839,0,57.5,0s-9.659,4.325-9.659,9.659v19.41v212.49v260.783c0,5.334,4.32,9.659,9.659,9.659    s9.659-4.325,9.659-9.659V251.87h387.345c3.82,0,7.282-2.581,8.828-6.076c1.547-3.499,0.887-7.742-1.679-10.571L370.971,135.314z     M67.159,232.553V39.381h365.509l-81.9,89.761c-3.348,3.688-3.348,9.474,0,13.162l81.9,90.25H67.159z\"><\/path>\n\t<\/g>\n<\/g>\n<g>\n<\/g>\n<g>\n<\/g>\n<g>\n<\/g>\n<g>\n<\/g>\n<g>\n<\/g>\n<g>\n<\/g>\n<g>\n<\/g>\n<g>\n<\/g>\n<g>\n<\/g>\n<g>\n<\/g>\n<g>\n<\/g>\n<g>\n<\/g>\n<g>\n<\/g>\n<g>\n<\/g>\n<g>\n<\/g>\n<\/svg>\t\t\t\t<\/p>\n<h3>\n\t\t\t\t\tDisponible en Anglais, Fran\u00e7ais, Russe, Espagnol et Turque<br \/>\n\t\t\t\t<\/h3>\n<p>\t\t\t\t<svg xmlns=\"http:\/\/www.w3.org\/2000\/svg\" xmlns:xlink=\"http:\/\/www.w3.org\/1999\/xlink\" id=\"Layer_1\" x=\"0px\" y=\"0px\" viewBox=\"0 0 512 512\" style=\"enable-background:new 0 0 512 512;\" xml:space=\"preserve\">\n<g>\n\t<g>\n\t\t<path d=\"M502.857,50.286H9.143C4.089,50.286,0,54.379,0,59.429v329.143c0,5.049,4.089,9.143,9.143,9.143h198.161l-14.955,52.344    c-0.786,2.759-0.232,5.728,1.491,8.018c1.732,2.29,4.438,3.638,7.304,3.638h109.714c2.866,0,5.571-1.348,7.304-3.638    c1.723-2.29,2.277-5.259,1.491-8.018l-14.955-52.344h198.161c5.053,0,9.143-4.094,9.143-9.143V59.429    C512,54.379,507.911,50.286,502.857,50.286z M213.268,443.429l13.054-45.714h59.357l13.053,45.714H213.268z M493.714,379.429    H292.571h-73.143H18.286V68.571h475.429V379.429z\"><\/path>\n\t<\/g>\n<\/g>\n<g>\n\t<g>\n\t\t<path d=\"M466.286,86.857H45.714c-5.053,0-9.143,4.094-9.143,9.143v256c0,5.049,4.089,9.143,9.143,9.143h420.571    c5.054,0,9.143-4.094,9.143-9.143V96C475.429,90.951,471.339,86.857,466.286,86.857z M457.143,342.857H54.857V105.143h402.286    V342.857z\"><\/path>\n\t<\/g>\n<\/g>\n<g>\n\t<g>\n\t\t<path d=\"M134.464,135.25c-3.571-3.571-9.357-3.571-12.928,0l-36.571,36.571c-3.571,3.571-3.571,9.357,0,12.928    c1.786,1.786,4.125,2.679,6.464,2.679c2.339,0,4.679-0.893,6.464-2.679l36.571-36.571    C138.036,144.607,138.036,138.821,134.464,135.25z\"><\/path>\n\t<\/g>\n<\/g>\n<g>\n\t<g>\n\t\t<path d=\"M221.402,130.594c-3.571-3.571-9.357-3.571-12.929,0L84.964,254.107c-3.571,3.571-3.571,9.357,0,12.928    c1.786,1.786,4.125,2.679,6.464,2.679c2.339,0,4.679-0.893,6.464-2.679l123.509-123.513    C224.973,139.951,224.973,134.165,221.402,130.594z\"><\/path>\n\t<\/g>\n<\/g>\n<g>\n<\/g>\n<g>\n<\/g>\n<g>\n<\/g>\n<g>\n<\/g>\n<g>\n<\/g>\n<g>\n<\/g>\n<g>\n<\/g>\n<g>\n<\/g>\n<g>\n<\/g>\n<g>\n<\/g>\n<g>\n<\/g>\n<g>\n<\/g>\n<g>\n<\/g>\n<g>\n<\/g>\n<g>\n<\/g>\n<\/svg>\t\t\t\t<\/p>\n<h3>\n\t\t\t\t\tOffre VOD &#038; TV disponible sur de nombreuses plateformes<br \/>\n\t\t\t\t<\/h3>\n<h4>Un m\u00e9lange original entre innovations californiennes et sophistications europ\u00e9ennes<\/h4>\n<p>Toujours disponible et divertissante.<br \/>\nDe beaux endroits \u00e0 visiter pour vivre et se sentir mieux, s&rsquo;\u00e9vader.<br \/>\nNous sommes ici pour vous: coaching, inspiration, pleine conscience de soi, divertissement<\/p>\n<p>\t\t\t<a role=\"button\"><br \/>\n\t\t\t\t\t\tEntrer en contact<br \/>\n\t\t\t\t\t<\/a><\/p>\n<p>La pratique de la pleine conscience Zen est un ph\u00e9nom\u00e8ne mondiale<\/p>\n<p>80 pays, 120 plateformes<\/p>\n<p>+40M foyers<\/p>\n<p>\t\t\t<a role=\"button\"><br \/>\n\t\t\t\t\t\tNous contacter<br \/>\n\t\t\t\t\t<\/a><\/p>\n","protected":false},"excerpt":{"rendered":"<p>Myzen TV la cha\u00eene lifestyle HD et 4K MyZen, la cha\u00eene TV lifestyle vous propose des conseils pratiques, des exp\u00e9riences inspirantes, et du divertissement pour \u00eatre plus heureuse et vivre mieux. Nos s\u00e9ries Sport doux, maison, sant\u00e9, cuisine, fleurs, voyage, beaut\u00e9, histoires vrais, nature holistique et belles vues sont la base de notre contenu Notre [&hellip;]<\/p>\n","protected":false},"author":2,"featured_media":5723,"parent":0,"menu_order":0,"comment_status":"closed","ping_status":"closed","template":"","meta":{"episode_type":"","audio_file":"","cover_image":"","cover_image_id":"","duration":"","filesize":"","date_recorded":"","explicit":"","block":"","itunes_episode_number":"","itunes_title":"","itunes_season_number":"","itunes_episode_type":"","filesize_raw":"","footnotes":""},"class_list":["post-5747","page","type-page","status-publish","has-post-thumbnail","hentry"],"yoast_head":"<!-- This site is optimized with the Yoast SEO plugin v24.0 - https:\/\/yoast.com\/wordpress\/plugins\/seo\/ -->\n<title>\u00c0 propos - MyZen TV<\/title>\n<meta name=\"robots\" content=\"index, follow, max-snippet:-1, max-image-preview:large, max-video-preview:-1\" \/>\n<link rel=\"canonical\" href=\"https:\/\/www.myzen.tv\/fr\/a-propos\/\" \/>\n<meta property=\"og:locale\" content=\"fr_FR\" \/>\n<meta property=\"og:type\" content=\"article\" \/>\n<meta property=\"og:title\" content=\"\u00c0 propos - MyZen TV\" \/>\n<meta property=\"og:description\" content=\"Myzen TV la cha\u00eene lifestyle HD et 4K MyZen, la cha\u00eene TV lifestyle vous propose des conseils pratiques, des exp\u00e9riences inspirantes, et du divertissement pour \u00eatre plus heureuse et vivre mieux. Nos s\u00e9ries Sport doux, maison, sant\u00e9, cuisine, fleurs, voyage, beaut\u00e9, histoires vrais, nature holistique et belles vues sont la base de notre contenu Notre [&hellip;]\" \/>\n<meta property=\"og:url\" content=\"https:\/\/www.myzen.tv\/fr\/a-propos\/\" \/>\n<meta property=\"og:site_name\" content=\"MyZen TV\" \/>\n<meta property=\"article:publisher\" content=\"https:\/\/www.facebook.com\/myzen.tv.fr\/\" \/>\n<meta property=\"article:modified_time\" content=\"2020-01-21T09:40:38+00:00\" \/>\n<meta property=\"og:image\" content=\"https:\/\/www.myzen.tv\/wp-content\/uploads\/2019\/12\/designecologist-742740-unsplash-1024x596.png\" \/>\n\t<meta property=\"og:image:width\" content=\"1024\" \/>\n\t<meta property=\"og:image:height\" content=\"596\" \/>\n\t<meta property=\"og:image:type\" content=\"image\/png\" \/>\n<meta name=\"twitter:card\" content=\"summary_large_image\" \/>\n<meta name=\"twitter:label1\" content=\"Dur\u00e9e de lecture estim\u00e9e\" \/>\n\t<meta name=\"twitter:data1\" content=\"2 minutes\" \/>\n<!-- \/ Yoast SEO plugin. -->","yoast_head_json":{"title":"\u00c0 propos - MyZen TV","robots":{"index":"index","follow":"follow","max-snippet":"max-snippet:-1","max-image-preview":"max-image-preview:large","max-video-preview":"max-video-preview:-1"},"canonical":"https:\/\/www.myzen.tv\/fr\/a-propos\/","og_locale":"fr_FR","og_type":"article","og_title":"\u00c0 propos - MyZen TV","og_description":"Myzen TV la cha\u00eene lifestyle HD et 4K MyZen, la cha\u00eene TV lifestyle vous propose des conseils pratiques, des exp\u00e9riences inspirantes, et du divertissement pour \u00eatre plus heureuse et vivre mieux. Nos s\u00e9ries Sport doux, maison, sant\u00e9, cuisine, fleurs, voyage, beaut\u00e9, histoires vrais, nature holistique et belles vues sont la base de notre contenu Notre [&hellip;]","og_url":"https:\/\/www.myzen.tv\/fr\/a-propos\/","og_site_name":"MyZen TV","article_publisher":"https:\/\/www.facebook.com\/myzen.tv.fr\/","article_modified_time":"2020-01-21T09:40:38+00:00","og_image":[{"width":1024,"height":596,"url":"https:\/\/www.myzen.tv\/wp-content\/uploads\/2019\/12\/designecologist-742740-unsplash-1024x596.png","type":"image\/png"}],"twitter_card":"summary_large_image","twitter_misc":{"Dur\u00e9e de lecture estim\u00e9e":"2 minutes"},"schema":{"@context":"https:\/\/schema.org","@graph":[{"@type":"WebPage","@id":"https:\/\/www.myzen.tv\/fr\/a-propos\/","url":"https:\/\/www.myzen.tv\/fr\/a-propos\/","name":"\u00c0 propos - MyZen TV","isPartOf":{"@id":"https:\/\/www.myzen.tv\/fr\/#website"},"primaryImageOfPage":{"@id":"https:\/\/www.myzen.tv\/fr\/a-propos\/#primaryimage"},"image":{"@id":"https:\/\/www.myzen.tv\/fr\/a-propos\/#primaryimage"},"thumbnailUrl":"https:\/\/www.myzen.tv\/wp-content\/uploads\/2019\/12\/designecologist-742740-unsplash.png","datePublished":"2019-12-30T18:03:27+00:00","dateModified":"2020-01-21T09:40:38+00:00","breadcrumb":{"@id":"https:\/\/www.myzen.tv\/fr\/a-propos\/#breadcrumb"},"inLanguage":"fr-FR","potentialAction":[{"@type":"ReadAction","target":["https:\/\/www.myzen.tv\/fr\/a-propos\/"]}]},{"@type":"ImageObject","inLanguage":"fr-FR","@id":"https:\/\/www.myzen.tv\/fr\/a-propos\/#primaryimage","url":"https:\/\/www.myzen.tv\/wp-content\/uploads\/2019\/12\/designecologist-742740-unsplash.png","contentUrl":"https:\/\/www.myzen.tv\/wp-content\/uploads\/2019\/12\/designecologist-742740-unsplash.png","width":1470,"height":855},{"@type":"BreadcrumbList","@id":"https:\/\/www.myzen.tv\/fr\/a-propos\/#breadcrumb","itemListElement":[{"@type":"ListItem","position":1,"name":"Home","item":"https:\/\/www.myzen.tv\/fr\/"},{"@type":"ListItem","position":2,"name":"\u00c0 propos"}]},{"@type":"WebSite","@id":"https:\/\/www.myzen.tv\/fr\/#website","url":"https:\/\/www.myzen.tv\/fr\/","name":"MyZen TV","description":"Your lifestyle and well-being channel","publisher":{"@id":"https:\/\/www.myzen.tv\/fr\/#organization"},"potentialAction":[{"@type":"SearchAction","target":{"@type":"EntryPoint","urlTemplate":"https:\/\/www.myzen.tv\/fr\/?s={search_term_string}"},"query-input":{"@type":"PropertyValueSpecification","valueRequired":true,"valueName":"search_term_string"}}],"inLanguage":"fr-FR"},{"@type":"Organization","@id":"https:\/\/www.myzen.tv\/fr\/#organization","name":"MyZen TV","url":"https:\/\/www.myzen.tv\/fr\/","logo":{"@type":"ImageObject","inLanguage":"fr-FR","@id":"https:\/\/www.myzen.tv\/fr\/#\/schema\/logo\/image\/","url":"https:\/\/www.myzen.tv\/wp-content\/uploads\/2021\/05\/cropped-ICON_MZtv-LOGO_firetv640-1-1.png","contentUrl":"https:\/\/www.myzen.tv\/wp-content\/uploads\/2021\/05\/cropped-ICON_MZtv-LOGO_firetv640-1-1.png","width":512,"height":512,"caption":"MyZen TV"},"image":{"@id":"https:\/\/www.myzen.tv\/fr\/#\/schema\/logo\/image\/"},"sameAs":["https:\/\/www.facebook.com\/myzen.tv.fr\/","https:\/\/www.instagram.com\/myzentv\/"]}]}},"_links":{"self":[{"href":"https:\/\/www.myzen.tv\/fr\/wp-json\/wp\/v2\/pages\/5747","targetHints":{"allow":["GET"]}}],"collection":[{"href":"https:\/\/www.myzen.tv\/fr\/wp-json\/wp\/v2\/pages"}],"about":[{"href":"https:\/\/www.myzen.tv\/fr\/wp-json\/wp\/v2\/types\/page"}],"author":[{"embeddable":true,"href":"https:\/\/www.myzen.tv\/fr\/wp-json\/wp\/v2\/users\/2"}],"replies":[{"embeddable":true,"href":"https:\/\/www.myzen.tv\/fr\/wp-json\/wp\/v2\/comments?post=5747"}],"version-history":[{"count":20,"href":"https:\/\/www.myzen.tv\/fr\/wp-json\/wp\/v2\/pages\/5747\/revisions"}],"predecessor-version":[{"id":12960,"href":"https:\/\/www.myzen.tv\/fr\/wp-json\/wp\/v2\/pages\/5747\/revisions\/12960"}],"wp:featuredmedia":[{"embeddable":true,"href":"https:\/\/www.myzen.tv\/fr\/wp-json\/wp\/v2\/media\/5723"}],"wp:attachment":[{"href":"https:\/\/www.myzen.tv\/fr\/wp-json\/wp\/v2\/media?parent=5747"}],"curies":[{"name":"wp","href":"https:\/\/api.w.org\/{rel}","templated":true}]}}