{"id":6091,"date":"2020-01-06T09:55:39","date_gmt":"2020-01-06T09:55:39","guid":{"rendered":"https:\/\/preprod.myzen.tv\/mentions-legales\/"},"modified":"2024-04-26T09:37:34","modified_gmt":"2024-04-26T09:37:34","slug":"mentions-legales","status":"publish","type":"page","link":"https:\/\/www.myzen.tv\/fr\/mentions-legales\/","title":{"rendered":"Mentions l\u00e9gales"},"content":{"rendered":"<h1>La chaine lifestyle<\/h1>\n<p>Maintenant disponible en HD et 4K<\/p>\n<p>Regardez sur votre TV, box, tablette &amp; smartphone<\/p>\n<p>Nos offres en cours :&nbsp;<\/p>\n<p>*Du 28\/06\/2023 au 25\/07\/2023 inclus, b\u00e9n\u00e9ficiez de l&rsquo;abonnement int\u00e9gral mensuel ou annuel MyZen TV \u00e0 -50%. R\u00e9duction pendant 12 mois, offre valable sur le site web en France, et les pays francophones (Belgique, Suisse, Luxembourg, Monaco). Remise d\u00e9duite \u00e0 l\u2019\u00e9tape de paiement sur entr\u00e9e du code offre SALES23 dans l\u2019encart \u00ab&nbsp;Entrer un code promo&nbsp;\u00bb. Offre non fractionnable et non cumulable avec toute autre offre promotionnelle en cours. Abonnement sans engagement, renouvel\u00e9 automatiquement chaque mois. COFITES, soci\u00e9t\u00e9 par actions simplifi\u00e9e au capital social de 100 040 euros, immatricul\u00e9e au registre du commerce et des soci\u00e9t\u00e9s de Lille M\u00e9tropole sous le num\u00e9ro 441 119 989, dont le si\u00e8ge social est situ\u00e9 9 rue Archim\u00e8de 59650 VILLENEUVE D&rsquo;ASCQ, France<\/p>\n<\/p>\n<p>Derni\u00e8res modifications: 24 Juillet 2018<\/p>\n<p><b>1.&nbsp;<\/b><b>INFORMATIONS LEGALES<\/b><\/p>\n<p>1.1 Conform\u00e9ment aux dispositions de l&rsquo;article 6-III-1 de la loi n\u00b02004-575 du 21 juin 2004 pour la confiance dans l&rsquo;\u00e9conomie num\u00e9rique, COFITES informe l&rsquo;utilisateur du site&nbsp;<a href=\"http:\/\/www.myzen.tv\/\">www.myzen.tv<\/a>&nbsp;que :<\/p>\n<p>&#8211; Le site&nbsp;<a href=\"http:\/\/www.delseyprivileges.com\/\">www.<\/a>myzen.tv (ci-apr\u00e8s \u00ab le Site \u00bb) est \u00e9dit\u00e9 par COFITES, soci\u00e9t\u00e9 par actions simplifi\u00e9e au capital social de 100 040 euros, immatricul\u00e9e au registre du commerce et des soci\u00e9t\u00e9s de Lille M\u00e9tropole sous le num\u00e9ro 441 119 989, dont le si\u00e8ge social est situ\u00e9 9 rue Archim\u00e8de 59650 VILLENEUVE D&rsquo;ASCQ, France (t\u00e9l\u00e9phone : 03.28.37.04.04 ) ;<\/p>\n<p>&#8211; Le directeur de la publication du site est&nbsp;Bruno Lecluse;<\/p>\n<p>&#8211; LiveStreamingCDN, 1002 Hemphill, Ave. NW, Atlanta, GA 30318<\/p>\n<p><b>2.&nbsp;<\/b><b>LIMITATION DE RESPONSABILITE<\/b><\/p>\n<p>2.1 L&rsquo;utilisateur reconna\u00eet disposer de la comp\u00e9tence et des moyens n\u00e9cessaires pour acc\u00e9der au Site et l&rsquo;utiliser. L&rsquo;utilisateur reconna\u00eet avoir v\u00e9rifi\u00e9 que la configuration informatique utilis\u00e9e ne contient aucun virus et qu&rsquo;elle est en parfait \u00e9tat de fonctionnement.<\/p>\n<p>2.2 L&rsquo;\u00e9diteur du Site met tout en \u0153uvre pour offrir aux utilisateurs des informations ou des outils disponibles et v\u00e9rifi\u00e9s, mais ne saurait \u00eatre tenu pour responsable des erreurs, d&rsquo;une absence de disponibilit\u00e9 des fonctionnalit\u00e9s ou de la pr\u00e9sence de virus sur son Site.<\/p>\n<p>2.3 L&rsquo;\u00e9diteur du Site ne saurait \u00eatre responsable :<\/p>\n<p>&#8211; De la qualit\u00e9 du service, le service \u00e9tant propos\u00e9 \u00ab en l&rsquo;\u00e9tat \u00bb ;<\/p>\n<p>&#8211; De la perturbation de l&rsquo;utilisation du Site ;<\/p>\n<p>&#8211; De l&rsquo;impossibilit\u00e9 d&rsquo;utiliser le Site ;<\/p>\n<p>&#8211; Des atteintes \u00e0 la s\u00e9curit\u00e9 informatique, pouvant causer des dommages aux mat\u00e9riels informatiques des utilisateurs et \u00e0 leurs donn\u00e9es ;<\/p>\n<p>&#8211; De l&rsquo;atteinte aux droits des utilisateurs de mani\u00e8re g\u00e9n\u00e9rale.<\/p>\n<p>2.4 Les informations fournies par l&rsquo;\u00e9diteur du Site le sont \u00e0 titre indicatif et ne sauraient dispenser l&rsquo;utilisateur d&rsquo;une analyse compl\u00e9mentaire et personnalis\u00e9e. L&rsquo;\u00e9diteur du Site ne saurait garantir l&rsquo;exactitude, la compl\u00e9tude ainsi que l&rsquo;actualit\u00e9 des informations diffus\u00e9es sur le Site. L&rsquo;utilisateur reconna\u00eet en cons\u00e9quence utiliser ces informations sous sa responsabilit\u00e9 exclusive.<\/p>\n<p><b>3.&nbsp;<\/b><b>PROPRIETE INTELLECTUELLE<\/b><\/p>\n<p>3.1 La structure g\u00e9n\u00e9rale ainsi que les logiciels, textes, images anim\u00e9es ou non, photographies, son, savoir-faire et tous les autres \u00e9l\u00e9ments composant le Site sont la propri\u00e9t\u00e9 exclusive de l&rsquo;\u00e9diteur du Site ou des partenaires ou tiers qui lui ont conc\u00e9d\u00e9 une licence.<\/p>\n<p>3.2 Toute repr\u00e9sentation totale ou partielle de ce Site par quelque personne que ce soit, sans l&rsquo;autorisation expresse de l&rsquo;\u00e9diteur du Site, est interdite et serait constitutive d&rsquo;un acte de contrefa\u00e7on sanctionn\u00e9 par les dispositions des articles L.335-2 et suivants du Code de la propri\u00e9t\u00e9 intellectuelle. Il en est de m\u00eame des bases de donn\u00e9es figurant le cas \u00e9ch\u00e9ant sur le Site qui sont prot\u00e9g\u00e9es par les dispositions des articles L.341-1 et suivants du Code de la propri\u00e9t\u00e9 intellectuelle.<\/p>\n<p>3.3 Les marques utilis\u00e9es sur le Site, ainsi que l&rsquo;ensemble des images reproduites, des vid\u00e9os diffus\u00e9es et des logos figurant sur le Site, sont la propri\u00e9t\u00e9 exclusive de l&rsquo;\u00e9diteur du Site ou des partenaires ou tiers qui lui ont conc\u00e9d\u00e9 des droits sur ceux-ci. Toute reproduction totale ou partielle de ces marques, de ces images, de ces vid\u00e9os ou de ces logos effectu\u00e9e \u00e0 partir des \u00e9l\u00e9ments du Site sans l&rsquo;autorisation expresse de l&rsquo;\u00e9diteur du Site, ou des partenaires ou tiers propri\u00e9taires des marques, images, vid\u00e9os, ou logos figurant sur le Site, est prohib\u00e9e conform\u00e9ment aux dispositions de l&rsquo;article L.713-2 du Code de la propri\u00e9t\u00e9 intellectuelle.<\/p>\n<p><b>4.&nbsp;<\/b><b>CREDITS<\/b><\/p>\n<p>4.1 Le Site est la propri\u00e9t\u00e9 de l&rsquo;\u00e9diteur du Site.<\/p>\n<p>4.2 Ce site a \u00e9t\u00e9 cr\u00e9\u00e9 et d\u00e9velopp\u00e9 en collaboration avec LivestreamingCDN.<\/p>\n<p><b>5.&nbsp;<\/b><b>HYPERLIENS<\/b><\/p>\n<p>5.1 Le Site comprend des liens vers d&rsquo;autres sites Internet dont les pratiques en mati\u00e8re d&rsquo;application de la l\u00e9gislation Informatique et Libert\u00e9s tel que modifi\u00e9e notamment par la loi n\u00b02018-493 du 20 juin 2018 relative \u00e0 la protection des donn\u00e9es personnelles, ainsi que du R\u00e8glement europ\u00e9en sur la protection des donn\u00e9es personnelles des personnes physiques, peuvent diff\u00e9rer de celles de l&rsquo;\u00e9diteur du Site. Si l&rsquo;utilisateur envoie des informations personnelles \u00e0 certains de ces sites, ses informations seront r\u00e9gies par la politique de protection des donn\u00e9es personnelles de ces sites. L&rsquo;\u00e9diteur du Site encourage tout utilisateur \u00e0 lire attentivement la politique Informatique et Libert\u00e9s de tout site Internet qu&rsquo;il visite via un lien pr\u00e9sent sur le Site.<\/p>\n<p>5.2 Les liens hypertextes mis en place dans le cadre du Site en direction d&rsquo;autres ressources pr\u00e9sentes sur le r\u00e9seau Internet, et notamment vers ses partenaires, ont fait l&rsquo;objet d&rsquo;une autorisation pr\u00e9alable, \u00e9crite et expresse. L&rsquo;\u00e9diteur du Site ne saurait \u00eatre responsable de l&rsquo;acc\u00e8s par les utilisateurs via les liens hypertextes mis en place dans le cadre du Site en direction d&rsquo;autres ressources pr\u00e9sentes sur le r\u00e9seau.<\/p>\n<p>5.3 L&rsquo;utilisateur ne peut pas mettre en place un lien hypertexte en direction de ce Site sans l&rsquo;autorisation expresse et pr\u00e9alable de l&rsquo;\u00e9diteur du Site. En toute hypoth\u00e8se, les liens hypertextes renvoyant au site web devront \u00eatre retir\u00e9s \u00e0 premi\u00e8re demande de l&rsquo;\u00e9diteur du Site.<\/p>\n<p><b>6.&nbsp;<\/b><b>CONTACT<\/b><\/p>\n<p>L&rsquo;utilisateur est inform\u00e9 qu&rsquo;il peut contacter l&rsquo;\u00e9diteur du Site pour toute information ou question compl\u00e9mentaire :<\/p>\n<p>&#8211; Par courrier postal \u00e0 l&rsquo;adresse suivante : COFITES, 9 rue Archim\u00e8de 59650 VILLENEUVE D&rsquo;ASCQ, France ;<\/p>\n<p>&#8211; En remplissant le formulaire de la rubrique \u00ab Contact \u00bb pr\u00e9sente sur le Site.<\/p>\n","protected":false},"excerpt":{"rendered":"<p>La chaine lifestyle Maintenant disponible en HD et 4K Regardez sur votre TV, box, tablette &amp; smartphone Nos offres en cours :&nbsp; *Du 28\/06\/2023 au 25\/07\/2023 inclus, b\u00e9n\u00e9ficiez de l&rsquo;abonnement int\u00e9gral mensuel ou annuel MyZen TV \u00e0 -50%. R\u00e9duction pendant 12 mois, offre valable sur le site web en France, et les pays francophones (Belgique, [&hellip;]<\/p>\n","protected":false},"author":1,"featured_media":0,"parent":0,"menu_order":0,"comment_status":"closed","ping_status":"closed","template":"","meta":{"episode_type":"","audio_file":"","cover_image":"","cover_image_id":"","duration":"","filesize":"","date_recorded":"","explicit":"","block":"","itunes_episode_number":"","itunes_title":"","itunes_season_number":"","itunes_episode_type":"","filesize_raw":"","footnotes":""},"class_list":["post-6091","page","type-page","status-publish","hentry"],"yoast_head":"<!-- This site is optimized with the Yoast SEO plugin v24.0 - https:\/\/yoast.com\/wordpress\/plugins\/seo\/ -->\n<title>Mentions l\u00e9gales - MyZen TV<\/title>\n<meta name=\"robots\" content=\"index, follow, max-snippet:-1, max-image-preview:large, max-video-preview:-1\" \/>\n<link rel=\"canonical\" href=\"https:\/\/www.myzen.tv\/fr\/mentions-legales\/\" \/>\n<meta property=\"og:locale\" content=\"fr_FR\" \/>\n<meta property=\"og:type\" content=\"article\" \/>\n<meta property=\"og:title\" content=\"Mentions l\u00e9gales - MyZen TV\" \/>\n<meta property=\"og:description\" content=\"La chaine lifestyle Maintenant disponible en HD et 4K Regardez sur votre TV, box, tablette &amp; smartphone Nos offres en cours :&nbsp; *Du 28\/06\/2023 au 25\/07\/2023 inclus, b\u00e9n\u00e9ficiez de l&rsquo;abonnement int\u00e9gral mensuel ou annuel MyZen TV \u00e0 -50%. R\u00e9duction pendant 12 mois, offre valable sur le site web en France, et les pays francophones (Belgique, [&hellip;]\" \/>\n<meta property=\"og:url\" content=\"https:\/\/www.myzen.tv\/fr\/mentions-legales\/\" \/>\n<meta property=\"og:site_name\" content=\"MyZen TV\" \/>\n<meta property=\"article:publisher\" content=\"https:\/\/www.facebook.com\/myzen.tv.fr\/\" \/>\n<meta property=\"article:modified_time\" content=\"2024-04-26T09:37:34+00:00\" \/>\n<meta property=\"og:image\" content=\"https:\/\/www.myzen.tv\/wp-content\/uploads\/2021\/05\/cropped-cropped-ICON_MZtv-LOGO_firetv640-1-1.png\" \/>\n\t<meta property=\"og:image:width\" content=\"248\" \/>\n\t<meta property=\"og:image:height\" content=\"248\" \/>\n\t<meta property=\"og:image:type\" content=\"image\/png\" \/>\n<meta name=\"twitter:card\" content=\"summary_large_image\" \/>\n<meta name=\"twitter:label1\" content=\"Dur\u00e9e de lecture estim\u00e9e\" \/>\n\t<meta name=\"twitter:data1\" content=\"5 minutes\" \/>\n<!-- \/ Yoast SEO plugin. -->","yoast_head_json":{"title":"Mentions l\u00e9gales - MyZen TV","robots":{"index":"index","follow":"follow","max-snippet":"max-snippet:-1","max-image-preview":"max-image-preview:large","max-video-preview":"max-video-preview:-1"},"canonical":"https:\/\/www.myzen.tv\/fr\/mentions-legales\/","og_locale":"fr_FR","og_type":"article","og_title":"Mentions l\u00e9gales - MyZen TV","og_description":"La chaine lifestyle Maintenant disponible en HD et 4K Regardez sur votre TV, box, tablette &amp; smartphone Nos offres en cours :&nbsp; *Du 28\/06\/2023 au 25\/07\/2023 inclus, b\u00e9n\u00e9ficiez de l&rsquo;abonnement int\u00e9gral mensuel ou annuel MyZen TV \u00e0 -50%. R\u00e9duction pendant 12 mois, offre valable sur le site web en France, et les pays francophones (Belgique, [&hellip;]","og_url":"https:\/\/www.myzen.tv\/fr\/mentions-legales\/","og_site_name":"MyZen TV","article_publisher":"https:\/\/www.facebook.com\/myzen.tv.fr\/","article_modified_time":"2024-04-26T09:37:34+00:00","og_image":[{"width":248,"height":248,"url":"https:\/\/www.myzen.tv\/wp-content\/uploads\/2021\/05\/cropped-cropped-ICON_MZtv-LOGO_firetv640-1-1.png","type":"image\/png"}],"twitter_card":"summary_large_image","twitter_misc":{"Dur\u00e9e de lecture estim\u00e9e":"5 minutes"},"schema":{"@context":"https:\/\/schema.org","@graph":[{"@type":"WebPage","@id":"https:\/\/www.myzen.tv\/fr\/mentions-legales\/","url":"https:\/\/www.myzen.tv\/fr\/mentions-legales\/","name":"Mentions l\u00e9gales - MyZen TV","isPartOf":{"@id":"https:\/\/www.myzen.tv\/fr\/#website"},"datePublished":"2020-01-06T09:55:39+00:00","dateModified":"2024-04-26T09:37:34+00:00","breadcrumb":{"@id":"https:\/\/www.myzen.tv\/fr\/mentions-legales\/#breadcrumb"},"inLanguage":"fr-FR","potentialAction":[{"@type":"ReadAction","target":["https:\/\/www.myzen.tv\/fr\/mentions-legales\/"]}]},{"@type":"BreadcrumbList","@id":"https:\/\/www.myzen.tv\/fr\/mentions-legales\/#breadcrumb","itemListElement":[{"@type":"ListItem","position":1,"name":"Home","item":"https:\/\/www.myzen.tv\/fr\/"},{"@type":"ListItem","position":2,"name":"Mentions l\u00e9gales"}]},{"@type":"WebSite","@id":"https:\/\/www.myzen.tv\/fr\/#website","url":"https:\/\/www.myzen.tv\/fr\/","name":"MyZen TV","description":"Your lifestyle and well-being channel","publisher":{"@id":"https:\/\/www.myzen.tv\/fr\/#organization"},"potentialAction":[{"@type":"SearchAction","target":{"@type":"EntryPoint","urlTemplate":"https:\/\/www.myzen.tv\/fr\/?s={search_term_string}"},"query-input":{"@type":"PropertyValueSpecification","valueRequired":true,"valueName":"search_term_string"}}],"inLanguage":"fr-FR"},{"@type":"Organization","@id":"https:\/\/www.myzen.tv\/fr\/#organization","name":"MyZen TV","url":"https:\/\/www.myzen.tv\/fr\/","logo":{"@type":"ImageObject","inLanguage":"fr-FR","@id":"https:\/\/www.myzen.tv\/fr\/#\/schema\/logo\/image\/","url":"https:\/\/www.myzen.tv\/wp-content\/uploads\/2021\/05\/cropped-ICON_MZtv-LOGO_firetv640-1-1.png","contentUrl":"https:\/\/www.myzen.tv\/wp-content\/uploads\/2021\/05\/cropped-ICON_MZtv-LOGO_firetv640-1-1.png","width":512,"height":512,"caption":"MyZen TV"},"image":{"@id":"https:\/\/www.myzen.tv\/fr\/#\/schema\/logo\/image\/"},"sameAs":["https:\/\/www.facebook.com\/myzen.tv.fr\/","https:\/\/www.instagram.com\/myzentv\/"]}]}},"_links":{"self":[{"href":"https:\/\/www.myzen.tv\/fr\/wp-json\/wp\/v2\/pages\/6091","targetHints":{"allow":["GET"]}}],"collection":[{"href":"https:\/\/www.myzen.tv\/fr\/wp-json\/wp\/v2\/pages"}],"about":[{"href":"https:\/\/www.myzen.tv\/fr\/wp-json\/wp\/v2\/types\/page"}],"author":[{"embeddable":true,"href":"https:\/\/www.myzen.tv\/fr\/wp-json\/wp\/v2\/users\/1"}],"replies":[{"embeddable":true,"href":"https:\/\/www.myzen.tv\/fr\/wp-json\/wp\/v2\/comments?post=6091"}],"version-history":[{"count":35,"href":"https:\/\/www.myzen.tv\/fr\/wp-json\/wp\/v2\/pages\/6091\/revisions"}],"predecessor-version":[{"id":1703862,"href":"https:\/\/www.myzen.tv\/fr\/wp-json\/wp\/v2\/pages\/6091\/revisions\/1703862"}],"wp:attachment":[{"href":"https:\/\/www.myzen.tv\/fr\/wp-json\/wp\/v2\/media?parent=6091"}],"curies":[{"name":"wp","href":"https:\/\/api.w.org\/{rel}","templated":true}]}}