{"id":778355,"date":"2020-08-26T07:42:44","date_gmt":"2020-08-26T07:42:44","guid":{"rendered":"https:\/\/www.myzen.tv\/?page_id=778355"},"modified":"2024-06-24T14:24:06","modified_gmt":"2024-06-24T14:24:06","slug":"radio","status":"publish","type":"page","link":"https:\/\/www.myzen.tv\/fr\/radio\/","title":{"rendered":"My Zen Radio"},"content":{"rendered":"<\/p>\n\n\n<div class=\"wp-block-columns gap-8 is-layout-flex wp-container-core-columns-is-layout-2 wp-block-columns-is-layout-flex\">\n<div class=\"wp-block-column is-layout-flow wp-block-column-is-layout-flow\" style=\"flex-basis:40%\">\n<a href=\"https:\/\/player.myzen.tv\/myzen-radio\" target=\"_blank\" rel=\"noopener\">\n<div class=\"button--primary mx-auto flex items-center gap-2\" style=\"width: fit-content; display: flex !important\">\n<svg xmlns=\"http:\/\/www.w3.org\/2000\/svg\" fill=\"none\" viewBox=\"0 0 24 24\" stroke-width=\"1.5\" stroke=\"currentColor\" class=\"w-6 h-6\">\n  <path stroke-linecap=\"round\" stroke-linejoin=\"round\" d=\"M13.5 6H5.25A2.25 2.25 0 003 8.25v10.5A2.25 2.25 0 005.25 21h10.5A2.25 2.25 0 0018 18.75V10.5m-10.5 6L21 3m0 0h-5.25M21 3v5.25\"><\/path>\n<\/svg>\n<span>Plein \u00e9cran<\/span>\n<\/div>\n<\/a>\n<iframe loading=\"lazy\" id=\"demo\" style=\"margin-top: 10px\" class=\"player\" title=\"Radio Screen\" src=\"https:\/\/player.myzen.tv\/myzen-radio\" height=\"750px\" width=\"100%\" frameborder=\"no\" scrolling=\"no\" data-mce-fragment=\"1\"><\/iframe>\n<\/div>\n\n\n\n<div class=\"wp-block-column gap-4 is-layout-flow wp-block-column-is-layout-flow\" style=\"flex-basis:66.66%\">\n<h1 class=\"wp-block-heading has-text-align-center\">MyZen Radio\u200b<\/h1>\n\n\n\n<p><strong>Disponible sur le web et en DAB+ \u00e0 Paris, en Ile de France, et sur la c\u00f4te d&rsquo;Azur.\u200b<\/strong><\/p>\n\n\n\n<p>Dans un espace radiophonique parfois bruyant, souvent stressant voire oppressant ; d\u00e9couvrez MyZen Radio.<\/p>\n\n\n\n<p>Un havre de paix dans l\u2019univers radiophonique pour vous lib\u00e9rer du stress de la capitale et cultiver les ondes positives.<\/p>\n\n\n\n<div class=\"wp-block-columns is-layout-flex wp-container-core-columns-is-layout-1 wp-block-columns-is-layout-flex\">\n<div class=\"wp-block-column is-layout-flow wp-block-column-is-layout-flow\">\n<h3 class=\"wp-block-heading has-text-align-center has-vivid-green-cyan-color has-text-color\">Zen et musicale<\/h3>\n<\/div>\n\n\n\n<div class=\"wp-block-column is-layout-flow wp-block-column-is-layout-flow\">\n<h3 class=\"wp-block-heading has-text-align-center has-vivid-cyan-blue-color has-text-color\">Zen et m\u00e9ditative<\/h3>\n<\/div>\n\n\n\n<div class=\"wp-block-column is-layout-flow wp-block-column-is-layout-flow\">\n<h3 class=\"wp-block-heading has-text-align-center has-luminous-vivid-orange-color has-text-color\">Zen et bienveillante<\/h3>\n<\/div>\n\n\n\n<div class=\"wp-block-column is-layout-flow wp-block-column-is-layout-flow\">\n<h3 class=\"wp-block-heading has-text-align-center has-luminous-vivid-amber-color has-text-color\">Zen et exploratrice<\/h3>\n<\/div>\n<\/div>\n\n\n\n<div class=\"wp-block-group\"><div class=\"wp-block-group__inner-container is-layout-flow wp-block-group-is-layout-flow\">\n<h2 class=\"wp-block-heading\">L&rsquo;aventure commence d\u00e8s maintenant !<\/h2>\n\n\n\n<p><strong>Bon voyage dans l&rsquo;Univers de MyZen Radio !<\/strong><\/p>\n<\/div><\/div>\n<\/div>\n<\/div>\n\n\n\n<div class=\"wp-block-columns is-layout-flex wp-container-core-columns-is-layout-3 wp-block-columns-is-layout-flex\">\n<div class=\"wp-block-column is-vertically-aligned-center is-layout-flow wp-block-column-is-layout-flow\" style=\"flex-basis:25%\"><div class=\"wp-block-image is-style-rounded\">\n<figure class=\"aligncenter size-large is-resized\"><img loading=\"lazy\" decoding=\"async\" width=\"2557\" height=\"2560\" src=\"https:\/\/www.myzen.tv\/wp-content\/uploads\/2023\/07\/iStock-544658948-edited-scaled.jpg\" alt=\"\" class=\"wp-image-1700836\" style=\"width:200px;height:200px\" srcset=\"https:\/\/www.myzen.tv\/wp-content\/uploads\/2023\/07\/iStock-544658948-edited-scaled.jpg 2557w, https:\/\/www.myzen.tv\/wp-content\/uploads\/2023\/07\/iStock-544658948-edited-300x300.jpg 300w, https:\/\/www.myzen.tv\/wp-content\/uploads\/2023\/07\/iStock-544658948-edited-1024x1024.jpg 1024w, https:\/\/www.myzen.tv\/wp-content\/uploads\/2023\/07\/iStock-544658948-edited-150x150.jpg 150w, https:\/\/www.myzen.tv\/wp-content\/uploads\/2023\/07\/iStock-544658948-edited-768x769.jpg 768w, https:\/\/www.myzen.tv\/wp-content\/uploads\/2023\/07\/iStock-544658948-edited-1534x1536.jpg 1534w, https:\/\/www.myzen.tv\/wp-content\/uploads\/2023\/07\/iStock-544658948-edited-2046x2048.jpg 2046w, https:\/\/www.myzen.tv\/wp-content\/uploads\/2023\/07\/iStock-544658948-edited-190x190.jpg 190w, https:\/\/www.myzen.tv\/wp-content\/uploads\/2023\/07\/iStock-544658948-edited-140x140.jpg 140w, https:\/\/www.myzen.tv\/wp-content\/uploads\/2023\/07\/iStock-544658948-edited-355x355.jpg 355w\" sizes=\"auto, (max-width: 2557px) 100vw, 2557px\" \/><\/figure><\/div><\/div>\n\n\n\n<div class=\"wp-block-column is-layout-flow wp-block-column-is-layout-flow\" style=\"flex-basis:50%\">\n<h2>Zen et musical\u200b<\/h2>\n\n\n\n<p>En journ\u00e9e, une musique vari\u00e9e pour le bien-\u00eatre int\u00e9rieur et la joie de l&rsquo;esprit&#8230;&nbsp;<\/p>\n\n\n\n<p>Lounge, chill, ambient, des portes du jazz aux fronti\u00e8res de la musique classique, des refrains pop aux sonorit\u00e9s du monde, l&rsquo;esprit musical de MyZen Radio est apaisant.<\/p>\n\n\n\n<p>MyZen Radio vous accompagnera sur la route, \u00e0 la maison, au travail, seul, en famille ou entre amis, dans les spas&#8230;<\/p>\n<\/div>\n<\/div>\n\n\n\n<div class=\"wp-block-columns is-layout-flex wp-container-core-columns-is-layout-4 wp-block-columns-is-layout-flex\">\n<div class=\"wp-block-column is-vertically-aligned-center is-layout-flow wp-block-column-is-layout-flow\" style=\"flex-basis:25%\"><div class=\"wp-block-image is-style-rounded\">\n<figure class=\"aligncenter size-large is-resized\"><img loading=\"lazy\" decoding=\"async\" width=\"2000\" height=\"1999\" src=\"https:\/\/www.myzen.tv\/wp-content\/uploads\/2023\/07\/iStock-629725534-edited.jpg\" alt=\"\" class=\"wp-image-1700834\" style=\"width:200px;height:200px\" srcset=\"https:\/\/www.myzen.tv\/wp-content\/uploads\/2023\/07\/iStock-629725534-edited.jpg 2000w, https:\/\/www.myzen.tv\/wp-content\/uploads\/2023\/07\/iStock-629725534-edited-300x300.jpg 300w, https:\/\/www.myzen.tv\/wp-content\/uploads\/2023\/07\/iStock-629725534-edited-1024x1024.jpg 1024w, https:\/\/www.myzen.tv\/wp-content\/uploads\/2023\/07\/iStock-629725534-edited-150x150.jpg 150w, https:\/\/www.myzen.tv\/wp-content\/uploads\/2023\/07\/iStock-629725534-edited-768x768.jpg 768w, https:\/\/www.myzen.tv\/wp-content\/uploads\/2023\/07\/iStock-629725534-edited-1536x1536.jpg 1536w, https:\/\/www.myzen.tv\/wp-content\/uploads\/2023\/07\/iStock-629725534-edited-190x190.jpg 190w, https:\/\/www.myzen.tv\/wp-content\/uploads\/2023\/07\/iStock-629725534-edited-140x140.jpg 140w, https:\/\/www.myzen.tv\/wp-content\/uploads\/2023\/07\/iStock-629725534-edited-355x355.jpg 355w\" sizes=\"auto, (max-width: 2000px) 100vw, 2000px\" \/><\/figure><\/div><\/div>\n\n\n\n<div class=\"wp-block-column is-layout-flow wp-block-column-is-layout-flow\" style=\"flex-basis:50%\">\n<h2>Zen et exploratrice\u200b<\/h2>\n\n\n\n<p>Le soir, la nuit, MyZen Radio vous offrira des voyages vers les plus beaux sons apaisants et insolites de la plan\u00e8te bleue.&nbsp;Des instants pr\u00e9cieux et uniques !<\/p>\n<\/div>\n<\/div>\n\n\n\n<div class=\"wp-block-columns is-layout-flex wp-container-core-columns-is-layout-5 wp-block-columns-is-layout-flex\">\n<div class=\"wp-block-column is-vertically-aligned-center is-layout-flow wp-block-column-is-layout-flow\" style=\"flex-basis:25%\"><div class=\"wp-block-image is-style-rounded\">\n<figure class=\"aligncenter size-large is-resized\"><img loading=\"lazy\" decoding=\"async\" width=\"2560\" height=\"2560\" src=\"https:\/\/www.myzen.tv\/wp-content\/uploads\/2023\/07\/iStock-521982322-edited-scaled.jpg\" alt=\"\" class=\"wp-image-1700838\" style=\"width:200px;height:200px\" srcset=\"https:\/\/www.myzen.tv\/wp-content\/uploads\/2023\/07\/iStock-521982322-edited-scaled.jpg 2560w, https:\/\/www.myzen.tv\/wp-content\/uploads\/2023\/07\/iStock-521982322-edited-300x300.jpg 300w, https:\/\/www.myzen.tv\/wp-content\/uploads\/2023\/07\/iStock-521982322-edited-1024x1024.jpg 1024w, https:\/\/www.myzen.tv\/wp-content\/uploads\/2023\/07\/iStock-521982322-edited-150x150.jpg 150w, https:\/\/www.myzen.tv\/wp-content\/uploads\/2023\/07\/iStock-521982322-edited-768x768.jpg 768w, https:\/\/www.myzen.tv\/wp-content\/uploads\/2023\/07\/iStock-521982322-edited-1536x1536.jpg 1536w, https:\/\/www.myzen.tv\/wp-content\/uploads\/2023\/07\/iStock-521982322-edited-2048x2048.jpg 2048w, https:\/\/www.myzen.tv\/wp-content\/uploads\/2023\/07\/iStock-521982322-edited-190x190.jpg 190w, https:\/\/www.myzen.tv\/wp-content\/uploads\/2023\/07\/iStock-521982322-edited-140x140.jpg 140w, https:\/\/www.myzen.tv\/wp-content\/uploads\/2023\/07\/iStock-521982322-edited-355x355.jpg 355w\" sizes=\"auto, (max-width: 2560px) 100vw, 2560px\" \/><\/figure><\/div><\/div>\n\n\n\n<div class=\"wp-block-column is-layout-flow wp-block-column-is-layout-flow\" style=\"flex-basis:50%\">\n<h2>Zen et bienveillante\u200b<\/h2>\n\n\n\n<p>L&rsquo;esprit de MyZen Radio&nbsp;est de vous apporter, au quotidien, les ressources pour vous \u00e9panouir et cultiver votre bien \u00eatre.<\/p>\n\n\n\n<p>Prochainement, nous proposerons des programmes originaux et in\u00e9dits con\u00e7u pour votre \u00e9panouissement personnel.<\/p>\n<\/div>\n<\/div>\n\n\n\n<div class=\"wp-block-columns is-layout-flex wp-container-core-columns-is-layout-6 wp-block-columns-is-layout-flex\">\n<div class=\"wp-block-column is-vertically-aligned-center is-layout-flow wp-block-column-is-layout-flow\" style=\"flex-basis:25%\"><div class=\"wp-block-image is-style-rounded\">\n<figure class=\"aligncenter size-large is-resized\"><img loading=\"lazy\" decoding=\"async\" width=\"1414\" height=\"1414\" src=\"https:\/\/www.myzen.tv\/wp-content\/uploads\/2023\/07\/iStock-178960907-edited.jpg\" alt=\"\" class=\"wp-image-1700840\" style=\"width:200px;height:200px\" srcset=\"https:\/\/www.myzen.tv\/wp-content\/uploads\/2023\/07\/iStock-178960907-edited.jpg 1414w, https:\/\/www.myzen.tv\/wp-content\/uploads\/2023\/07\/iStock-178960907-edited-300x300.jpg 300w, https:\/\/www.myzen.tv\/wp-content\/uploads\/2023\/07\/iStock-178960907-edited-1024x1024.jpg 1024w, https:\/\/www.myzen.tv\/wp-content\/uploads\/2023\/07\/iStock-178960907-edited-150x150.jpg 150w, https:\/\/www.myzen.tv\/wp-content\/uploads\/2023\/07\/iStock-178960907-edited-768x768.jpg 768w, https:\/\/www.myzen.tv\/wp-content\/uploads\/2023\/07\/iStock-178960907-edited-190x190.jpg 190w, https:\/\/www.myzen.tv\/wp-content\/uploads\/2023\/07\/iStock-178960907-edited-140x140.jpg 140w, https:\/\/www.myzen.tv\/wp-content\/uploads\/2023\/07\/iStock-178960907-edited-355x355.jpg 355w\" sizes=\"auto, (max-width: 1414px) 100vw, 1414px\" \/><\/figure><\/div><\/div>\n\n\n\n<div class=\"wp-block-column is-layout-flow wp-block-column-is-layout-flow\" style=\"flex-basis:50%\">\n<h2>Zen et m\u00e9ditative\u200b<\/h2>\n\n\n\n<p>Toute la journ\u00e9e, le temps musical est ponctu\u00e9 de courts proverbes et des citations qui visent \u00e0 faire r\u00e9fl\u00e9chir sur les conditions du bonheur et de notre existence, des m\u00e9ditations pleines de sagesse.<\/p>\n<\/div>\n<\/div>\n\n\n\n<ul class=\"wp-block-list\">\n<li>Sur internet<\/li>\n\n\n\n<li>Sur mobile<\/li>\n\n\n\n<li>Sur enceinte connect\u00e9e<\/li>\n\n\n\n<li>En DAB+<\/li>\n\n\n\n<li>Sur votre \u00ab Radio Internet \u00bb<\/li>\n<\/ul>\n\n\n\n<p><\/p>\n\n\n\n<h2 class=\"wp-block-heading\">Sur internet<\/h2>\n\n\n\n<p>Vous naviguez ou travaillez sur votre ordinateur ? Ecoutez Myzen directement sur notre site !<\/p>\n\n\n\n<div class=\"wp-block-columns is-layout-flex wp-container-core-columns-is-layout-7 wp-block-columns-is-layout-flex\">\n<div class=\"wp-block-column is-layout-flow wp-block-column-is-layout-flow\" style=\"flex-basis:100%\">\n<p class=\"has-vivid-cyan-blue-color has-text-color has-link-color wp-elements-90e39ac053d3564fadc170e19f2e7f16\"><a href=\"https:\/\/radioenlignefrance.com\/my-zen-radio\"><a href=\"https:\/\/player.myzen.tv\/myzen-radio\">\u00c9couter la radio en ligne<\/a><\/a><\/p>\n<\/div>\n<\/div>\n\n\n\n<div class=\"wp-block-media-text is-stacked-on-mobile\" style=\"grid-template-columns:20% auto\"><figure class=\"wp-block-media-text__media\"><img loading=\"lazy\" decoding=\"async\" width=\"239\" height=\"40\" src=\"https:\/\/www.myzen.tv\/wp-content\/uploads\/2024\/06\/logo.webp\" alt=\"\" class=\"wp-image-1703884 size-full\" srcset=\"https:\/\/www.myzen.tv\/wp-content\/uploads\/2024\/06\/logo.webp 239w, https:\/\/www.myzen.tv\/wp-content\/uploads\/2024\/06\/logo-235x39.webp 235w\" sizes=\"auto, (max-width: 239px) 100vw, 239px\" \/><\/figure><div class=\"wp-block-media-text__content\">\n<p class=\"has-vivid-cyan-blue-color has-text-color has-link-color wp-elements-ec3080af82608c809c4407dd67491ffa\"><a href=\"https:\/\/radioenlignefrance.com\/my-zen-radio\">Radio en ligne<\/a><\/p>\n<\/div><\/div>\n\n\n\n<h2 class=\"wp-block-heading\">Sur Mobile<\/h2>\n\n\n\n<p>En voyage ou dans la voiture ? D\u00e9placez-vous en toute s\u00e9r\u00e9nit\u00e9 avec l\u2019ambiance musicale de MyZen! Pour cela vous avez le choix notamment entre trois applications disponibles sur Google Play et l\u2019Appstore&nbsp;:<\/p>\n\n\n\n<div style=\"height:16px\" aria-hidden=\"true\" class=\"wp-block-spacer\"><\/div>\n\n\n\n<div class=\"wp-block-media-text alignwide is-stacked-on-mobile\" style=\"grid-template-columns:16% auto\"><figure class=\"wp-block-media-text__media\"><img decoding=\"async\" src=\"https:\/\/www.melody.tv\/wp-content\/uploads\/2024\/01\/Radioplayer-France-OVEwp.png\" alt=\"\" class=\"wp-image-114056 size-full\"\/><\/figure><div class=\"wp-block-media-text__content\">\n<p>Radio Player<\/p>\n\n\n\n<ul class=\"has-vivid-cyan-blue-color has-text-color has-link-color wp-block-list wp-elements-e2cc58b000bb34e188dccf93860ce1a1\">\n<li><a href=\"https:\/\/apps.apple.com\/fr\/app\/radioplayer\/id6443602613\">iOS<\/a><\/li>\n\n\n\n<li><a href=\"https:\/\/play.google.com\/store\/apps\/details?id=fr.radioplayer.android&amp;hl=fr&amp;gl=US\">Android<\/a><\/li>\n<\/ul>\n<\/div><\/div>\n\n\n\n<div class=\"wp-block-media-text alignwide is-stacked-on-mobile\" style=\"grid-template-columns:16% auto\"><figure class=\"wp-block-media-text__media\"><img decoding=\"async\" src=\"https:\/\/www.melody.tv\/wp-content\/uploads\/2024\/01\/230x0w.webp\" alt=\"\" class=\"wp-image-114057 size-full\"\/><\/figure><div class=\"wp-block-media-text__content\">\n<p><span style=\"color: initial; font-family: -apple-system, BlinkMacSystemFont, &quot;Segoe UI&quot;, Roboto, Oxygen-Sans, Ubuntu, Cantarell, &quot;Helvetica Neue&quot;, sans-serif;\"> Les Ind\u00e9s Radios<\/span><\/p>\n\n\n\n<ul class=\"has-vivid-cyan-blue-color has-text-color has-link-color wp-block-list wp-elements-0bc7f4fb793a60ece703af8d36b6359c\">\n<li><a href=\"https:\/\/apps.apple.com\/fr\/app\/les-ind%C3%A9s-radios\/id536226743\">iOS<\/a><\/li>\n\n\n\n<li><a href=\"https:\/\/play.google.com\/store\/apps\/details?id=lesindesradios.mobile.android&amp;hl=fr&amp;gl=US\">Android<\/a><\/li>\n<\/ul>\n<\/div><\/div>\n\n\n\n<div class=\"wp-block-media-text alignwide is-stacked-on-mobile\" style=\"grid-template-columns:16% auto\"><figure class=\"wp-block-media-text__media\"><img loading=\"lazy\" decoding=\"async\" width=\"1024\" height=\"1024\" src=\"https:\/\/www.myzen.tv\/wp-content\/uploads\/2020\/08\/MyZen-radio-plain-color-1024x1024.png\" alt=\"\" class=\"wp-image-782408 size-full\" srcset=\"https:\/\/www.myzen.tv\/wp-content\/uploads\/2020\/08\/MyZen-radio-plain-color-1024x1024.png 1024w, https:\/\/www.myzen.tv\/wp-content\/uploads\/2020\/08\/MyZen-radio-plain-color-300x300.png 300w, https:\/\/www.myzen.tv\/wp-content\/uploads\/2020\/08\/MyZen-radio-plain-color-150x150.png 150w, https:\/\/www.myzen.tv\/wp-content\/uploads\/2020\/08\/MyZen-radio-plain-color-768x769.png 768w, https:\/\/www.myzen.tv\/wp-content\/uploads\/2020\/08\/MyZen-radio-plain-color-700x700.png 700w, https:\/\/www.myzen.tv\/wp-content\/uploads\/2020\/08\/MyZen-radio-plain-color.png 1360w\" sizes=\"auto, (max-width: 1024px) 100vw, 1024px\" \/><\/figure><div class=\"wp-block-media-text__content\">\n<p>Myzen<\/p>\n\n\n\n<ul class=\"has-vivid-cyan-blue-color has-text-color has-link-color wp-block-list wp-elements-cfa73891c645c9fef640152d5cab84b8\">\n<li><a href=\"https:\/\/play.google.com\/store\/apps\/details?id=com.tulix.myzen&amp;hl=fr&amp;gl=US\">Android<\/a><\/li>\n<\/ul>\n<\/div><\/div>\n\n\n\n<h2 class=\"wp-block-heading\">Sur enceinte connect\u00e9e<\/h2>\n\n\n\n<p>A la maison et envie de vous offrir une relaxation de qualit\u00e9 ? MyZen est \u00e9galement disponible sur votre enceinte connect\u00e9e !&nbsp;&nbsp;<\/p>\n\n\n\n<div class=\"wp-block-media-text alignwide is-stacked-on-mobile\"><figure class=\"wp-block-media-text__media\"><img decoding=\"async\" src=\"https:\/\/www.melody.tv\/wp-content\/uploads\/2024\/01\/WWA_Fr_RGB.png\" alt=\"\" class=\"wp-image-114083 size-full\"\/><\/figure><div class=\"wp-block-media-text__content\">\n<p>Alexa (Amazon)<\/p>\n<\/div><\/div>\n\n\n\n<div style=\"height:28px\" aria-hidden=\"true\" class=\"wp-block-spacer\"><\/div>\n\n\n\n<div class=\"wp-block-media-text alignwide is-stacked-on-mobile\"><figure class=\"wp-block-media-text__media\"><img decoding=\"async\" src=\"https:\/\/www.melody.tv\/wp-content\/uploads\/2024\/01\/unnamed-1-1.png\" alt=\"\" class=\"wp-image-114086 size-full\"\/><\/figure><div class=\"wp-block-media-text__content\">\n<p>Google home<\/p>\n<\/div><\/div>\n\n\n\n<h2 class=\"wp-block-heading\">En DAB+<\/h2>\n\n\n\n<div class=\"wp-block-media-text alignwide is-stacked-on-mobile\" style=\"grid-template-columns:23% auto\"><figure class=\"wp-block-media-text__media\"><img loading=\"lazy\" decoding=\"async\" width=\"1024\" height=\"604\" src=\"https:\/\/www.myzen.tv\/wp-content\/uploads\/2020\/08\/1280px-DABplus_logo_2018.svg-1024x604.png\" alt=\"DAB+\" class=\"wp-image-791812 size-full\" srcset=\"https:\/\/www.myzen.tv\/wp-content\/uploads\/2020\/08\/1280px-DABplus_logo_2018.svg-1024x604.png 1024w, https:\/\/www.myzen.tv\/wp-content\/uploads\/2020\/08\/1280px-DABplus_logo_2018.svg-300x177.png 300w, https:\/\/www.myzen.tv\/wp-content\/uploads\/2020\/08\/1280px-DABplus_logo_2018.svg-768x453.png 768w, https:\/\/www.myzen.tv\/wp-content\/uploads\/2020\/08\/1280px-DABplus_logo_2018.svg.png 1280w\" sizes=\"auto, (max-width: 1024px) 100vw, 1024px\" \/><\/figure><div class=\"wp-block-media-text__content\">\n<p>MyZen, votre radio relaxante, est diffus\u00e9e en radio num\u00e9rique terrestre (appel\u00e9e DAB+) \u00e0 Paris et \u00e0 Monaco. Pour en profiter, munissez-vous d\u2019u poste compatible et faites l\u2019exp\u00e9rience de l\u2019\u00e9coute radio en DAB+. Vous verrez, c\u2019est \u00ab la radio en mieux \u00bb !&nbsp;<\/p>\n<\/div><\/div>\n\n\n\n<h2 class=\"wp-block-heading\">Sur votre \u00ab Radio Internet \u00bb<\/h2>\n\n\n\n<p>Vous disposez d\u2019une radio se connectant \u00e0 Internet ? Profitez du voyage relaxant de MyZen en recherchant notre flux directement sur votre poste.&nbsp;<\/p>\n\n\n\n<p>Vous pouvez \u00e9galement directement l\u2019ajouter avec les adresses ci-dessous :&nbsp;<\/p>\n\n\n\n<p class=\"has-vivid-cyan-blue-color has-text-color has-link-color wp-elements-ce8ae78fb41ff4ad21cfb2858e4192c6\">MyZen\u202f: <a href=\"https:\/\/stream.rcs.revma.com\/gnn6u7czd8uvv\" target=\"_blank\" rel=\"noreferrer noopener\">https:\/\/stream.rcs.revma.com\/gnn6u7czd8uvv<\/a>&nbsp;<\/p>\n","protected":false},"excerpt":{"rendered":"<p>Plein \u00e9cran MyZen Radio\u200b Disponible sur le web et en DAB+ \u00e0 Paris, en Ile de France, et sur la c\u00f4te d&rsquo;Azur.\u200b Dans un espace radiophonique parfois bruyant, souvent stressant voire oppressant ; d\u00e9couvrez MyZen Radio. Un havre de paix dans l\u2019univers radiophonique pour vous lib\u00e9rer du stress de la capitale et cultiver les ondes [&hellip;]<\/p>\n","protected":false},"author":1,"featured_media":779360,"parent":0,"menu_order":0,"comment_status":"closed","ping_status":"closed","template":"templates\/contain.php","meta":{"episode_type":"","audio_file":"","cover_image":"","cover_image_id":"","duration":"","filesize":"","date_recorded":"","explicit":"","block":"","itunes_episode_number":"","itunes_title":"","itunes_season_number":"","itunes_episode_type":"","filesize_raw":"","footnotes":""},"class_list":["post-778355","page","type-page","status-publish","has-post-thumbnail","hentry"],"yoast_head":"<!-- This site is optimized with the Yoast SEO plugin v24.0 - https:\/\/yoast.com\/wordpress\/plugins\/seo\/ -->\n<title>My Zen Radio - MyZen TV<\/title>\n<meta name=\"description\" content=\"\u00c9coutez MyZen radio en ligne qui aborde des sujets de m\u00e9ditation, yoga, bien-\u00eatre et spiritualit\u00e9. Un voyage int\u00e9rieur pour votre relaxation.\" \/>\n<meta name=\"robots\" content=\"index, follow, max-snippet:-1, max-image-preview:large, max-video-preview:-1\" \/>\n<link rel=\"canonical\" href=\"https:\/\/www.myzen.tv\/fr\/radio\/\" \/>\n<meta property=\"og:locale\" content=\"fr_FR\" \/>\n<meta property=\"og:type\" content=\"article\" \/>\n<meta property=\"og:title\" content=\"My Zen Radio - MyZen TV\" \/>\n<meta property=\"og:description\" content=\"\u00c9coutez MyZen radio en ligne qui aborde des sujets de m\u00e9ditation, yoga, bien-\u00eatre et spiritualit\u00e9. Un voyage int\u00e9rieur pour votre relaxation.\" \/>\n<meta property=\"og:url\" content=\"https:\/\/www.myzen.tv\/fr\/radio\/\" \/>\n<meta property=\"og:site_name\" content=\"MyZen TV\" \/>\n<meta property=\"article:publisher\" content=\"https:\/\/www.facebook.com\/myzen.tv.fr\/\" \/>\n<meta property=\"article:modified_time\" content=\"2024-06-24T14:24:06+00:00\" \/>\n<meta property=\"og:image\" content=\"https:\/\/www.myzen.tv\/wp-content\/uploads\/2020\/08\/beautiful-sound-1755964_1920.jpg\" \/>\n\t<meta property=\"og:image:width\" content=\"1920\" \/>\n\t<meta property=\"og:image:height\" content=\"1280\" \/>\n\t<meta property=\"og:image:type\" content=\"image\/jpeg\" \/>\n<meta name=\"twitter:card\" content=\"summary_large_image\" \/>\n<meta name=\"twitter:label1\" content=\"Dur\u00e9e de lecture estim\u00e9e\" \/>\n\t<meta name=\"twitter:data1\" content=\"5 minutes\" \/>\n<!-- \/ Yoast SEO plugin. -->","yoast_head_json":{"title":"My Zen Radio - MyZen TV","description":"\u00c9coutez MyZen radio en ligne qui aborde des sujets de m\u00e9ditation, yoga, bien-\u00eatre et spiritualit\u00e9. Un voyage int\u00e9rieur pour votre relaxation.","robots":{"index":"index","follow":"follow","max-snippet":"max-snippet:-1","max-image-preview":"max-image-preview:large","max-video-preview":"max-video-preview:-1"},"canonical":"https:\/\/www.myzen.tv\/fr\/radio\/","og_locale":"fr_FR","og_type":"article","og_title":"My Zen Radio - MyZen TV","og_description":"\u00c9coutez MyZen radio en ligne qui aborde des sujets de m\u00e9ditation, yoga, bien-\u00eatre et spiritualit\u00e9. Un voyage int\u00e9rieur pour votre relaxation.","og_url":"https:\/\/www.myzen.tv\/fr\/radio\/","og_site_name":"MyZen TV","article_publisher":"https:\/\/www.facebook.com\/myzen.tv.fr\/","article_modified_time":"2024-06-24T14:24:06+00:00","og_image":[{"width":1920,"height":1280,"url":"https:\/\/www.myzen.tv\/wp-content\/uploads\/2020\/08\/beautiful-sound-1755964_1920.jpg","type":"image\/jpeg"}],"twitter_card":"summary_large_image","twitter_misc":{"Dur\u00e9e de lecture estim\u00e9e":"5 minutes"},"schema":{"@context":"https:\/\/schema.org","@graph":[{"@type":"WebPage","@id":"https:\/\/www.myzen.tv\/fr\/radio\/","url":"https:\/\/www.myzen.tv\/fr\/radio\/","name":"My Zen Radio - MyZen TV","isPartOf":{"@id":"https:\/\/www.myzen.tv\/fr\/#website"},"primaryImageOfPage":{"@id":"https:\/\/www.myzen.tv\/fr\/radio\/#primaryimage"},"image":{"@id":"https:\/\/www.myzen.tv\/fr\/radio\/#primaryimage"},"thumbnailUrl":"https:\/\/www.myzen.tv\/wp-content\/uploads\/2020\/08\/beautiful-sound-1755964_1920.jpg","datePublished":"2020-08-26T07:42:44+00:00","dateModified":"2024-06-24T14:24:06+00:00","description":"\u00c9coutez MyZen radio en ligne qui aborde des sujets de m\u00e9ditation, yoga, bien-\u00eatre et spiritualit\u00e9. Un voyage int\u00e9rieur pour votre relaxation.","breadcrumb":{"@id":"https:\/\/www.myzen.tv\/fr\/radio\/#breadcrumb"},"inLanguage":"fr-FR","potentialAction":[{"@type":"ReadAction","target":["https:\/\/www.myzen.tv\/fr\/radio\/"]}]},{"@type":"ImageObject","inLanguage":"fr-FR","@id":"https:\/\/www.myzen.tv\/fr\/radio\/#primaryimage","url":"https:\/\/www.myzen.tv\/wp-content\/uploads\/2020\/08\/beautiful-sound-1755964_1920.jpg","contentUrl":"https:\/\/www.myzen.tv\/wp-content\/uploads\/2020\/08\/beautiful-sound-1755964_1920.jpg","width":1920,"height":1280,"caption":"zen musical"},{"@type":"BreadcrumbList","@id":"https:\/\/www.myzen.tv\/fr\/radio\/#breadcrumb","itemListElement":[{"@type":"ListItem","position":1,"name":"Home","item":"https:\/\/www.myzen.tv\/fr\/"},{"@type":"ListItem","position":2,"name":"My Zen Radio"}]},{"@type":"WebSite","@id":"https:\/\/www.myzen.tv\/fr\/#website","url":"https:\/\/www.myzen.tv\/fr\/","name":"MyZen TV","description":"Your lifestyle and well-being channel","publisher":{"@id":"https:\/\/www.myzen.tv\/fr\/#organization"},"potentialAction":[{"@type":"SearchAction","target":{"@type":"EntryPoint","urlTemplate":"https:\/\/www.myzen.tv\/fr\/?s={search_term_string}"},"query-input":{"@type":"PropertyValueSpecification","valueRequired":true,"valueName":"search_term_string"}}],"inLanguage":"fr-FR"},{"@type":"Organization","@id":"https:\/\/www.myzen.tv\/fr\/#organization","name":"MyZen TV","url":"https:\/\/www.myzen.tv\/fr\/","logo":{"@type":"ImageObject","inLanguage":"fr-FR","@id":"https:\/\/www.myzen.tv\/fr\/#\/schema\/logo\/image\/","url":"https:\/\/www.myzen.tv\/wp-content\/uploads\/2021\/05\/cropped-ICON_MZtv-LOGO_firetv640-1-1.png","contentUrl":"https:\/\/www.myzen.tv\/wp-content\/uploads\/2021\/05\/cropped-ICON_MZtv-LOGO_firetv640-1-1.png","width":512,"height":512,"caption":"MyZen TV"},"image":{"@id":"https:\/\/www.myzen.tv\/fr\/#\/schema\/logo\/image\/"},"sameAs":["https:\/\/www.facebook.com\/myzen.tv.fr\/","https:\/\/www.instagram.com\/myzentv\/"]}]}},"_links":{"self":[{"href":"https:\/\/www.myzen.tv\/fr\/wp-json\/wp\/v2\/pages\/778355","targetHints":{"allow":["GET"]}}],"collection":[{"href":"https:\/\/www.myzen.tv\/fr\/wp-json\/wp\/v2\/pages"}],"about":[{"href":"https:\/\/www.myzen.tv\/fr\/wp-json\/wp\/v2\/types\/page"}],"author":[{"embeddable":true,"href":"https:\/\/www.myzen.tv\/fr\/wp-json\/wp\/v2\/users\/1"}],"replies":[{"embeddable":true,"href":"https:\/\/www.myzen.tv\/fr\/wp-json\/wp\/v2\/comments?post=778355"}],"version-history":[{"count":165,"href":"https:\/\/www.myzen.tv\/fr\/wp-json\/wp\/v2\/pages\/778355\/revisions"}],"predecessor-version":[{"id":1703892,"href":"https:\/\/www.myzen.tv\/fr\/wp-json\/wp\/v2\/pages\/778355\/revisions\/1703892"}],"wp:featuredmedia":[{"embeddable":true,"href":"https:\/\/www.myzen.tv\/fr\/wp-json\/wp\/v2\/media\/779360"}],"wp:attachment":[{"href":"https:\/\/www.myzen.tv\/fr\/wp-json\/wp\/v2\/media?parent=778355"}],"curies":[{"name":"wp","href":"https:\/\/api.w.org\/{rel}","templated":true}]}}